{"id":4474,"date":"2025-11-19T10:21:04","date_gmt":"2025-11-19T10:21:04","guid":{"rendered":"https:\/\/www.cliniquepoirier.com\/?page_id=4474"},"modified":"2026-01-12T14:56:05","modified_gmt":"2026-01-12T14:56:05","slug":"dr-stephanie-bellefeuille","status":"publish","type":"page","link":"https:\/\/www.cliniquepoirier.com\/en\/our-team\/dr-stephanie-bellefeuille\/","title":{"rendered":"Dr St\u00e9phanie Bellefeuille"},"content":{"rendered":"<div class=\"vce-row-container\"><div class=\"vce-row vce-row--col-gap-0 vce-row-no-paddings vce-row-content--middle\" data-vce-full-width=\"true\" data-vce-stretch-content=\"true\" id=\"el-7ac63c4b\" data-vce-do-apply=\"all el-7ac63c4b\"><div class=\"vce-row-content\" data-vce-element-content=\"true\"><div class=\"vce-col vce-col--xs-100p vce-col--xs-visible vce-col--xs-last vce-col--xs-first vce-col--sm-100p vce-col--sm-visible vce-col--sm-last vce-col--sm-first vce-col--md-100p vce-col--md-visible vce-col--md-last vce-col--md-first vce-col--lg-100p vce-col--lg-visible vce-col--lg-last vce-col--lg-first vce-col--xl-100p vce-col--xl-visible vce-col--xl-last vce-col--xl-first\" id=\"el-99c2e046\"><div class=\"vce-col-inner\" data-vce-do-apply=\"border margin background  el-99c2e046\"><div class=\"vce-col-content\" data-vce-element-content=\"true\" data-vce-do-apply=\"padding el-99c2e046\"><div class=\"vce-single-image-container header-home fullwidthimg vce-single-image--align-left\"><div class=\"vce vce-single-image-wrapper\" id=\"el-09afae19\" data-vce-do-apply=\"all el-09afae19\"><figure><div class=\"vce-single-image-figure-inner\" style=\"width: 1366px;\"><div class=\"vce-single-image-inner vce-single-image--absolute\" style=\"width: 100%; padding-bottom: 32.9429%;\"><img decoding=\"async\" class=\"vce-single-image\" src=\"https:\/\/www.cliniquepoirier.com\/wp-content\/uploads\/2019\/09\/notre-equipe-header.jpg\" data-img-src=\"https:\/\/www.cliniquepoirier.com\/wp-content\/uploads\/2019\/09\/notre-equipe-header.jpg\" data-attachment-id=\"1117\" alt=\"notre \u00e9quipe\" title=\"notre-equipe-header\"><\/div><\/div><figcaption hidden=\"\"><\/figcaption><\/figure><\/div><\/div><div class=\"vce-text-block breadcrumbsourire\"><div class=\"vce-text-block-wrapper vce\" id=\"el-ead855b1\" data-vce-do-apply=\"all el-ead855b1\"><p><span><span><a href=\"https:\/\/www.cliniquepoirier.com\/en\/\">Accueil<\/a><\/span><\/span><\/p><\/div><\/div><\/div><\/div><\/div><\/div><\/div><\/div><div class=\"vce-row-container\" data-vce-boxed-width=\"true\"><div class=\"vce-row vce-row--col-gap-0 padding80y vce-row-content--top\" id=\"el-7a04f350\" data-vce-do-apply=\"all el-7a04f350\"><div class=\"vce-row-content\" data-vce-element-content=\"true\"><div class=\"vce-col vce-col--md-auto vce-col--xs-1 vce-col--xs-last vce-col--xs-first vce-col--sm-last vce-col--sm-first vce-col--md-last vce-col--lg-last vce-col--xl-last vce-col--md-first vce-col--lg-first vce-col--xl-first\" id=\"el-8f8e95e4\"><div class=\"vce-col-inner\" data-vce-do-apply=\"border margin background  el-8f8e95e4\"><div class=\"vce-col-content\" data-vce-element-content=\"true\" data-vce-do-apply=\"padding el-8f8e95e4\"><div class=\"vce-text-block\"><div class=\"vce-text-block-wrapper vce\" id=\"el-67444341\" data-vce-do-apply=\"all el-67444341\"><h1 class=\"font35 bold\" style=\"text-align: center;\">Dr. St\u00e9phanie Bellefeuille<\/h1>\n<\/div><\/div><\/div><\/div><\/div><\/div><\/div><\/div><div class=\"vce-row-container\"><div class=\"vce-row vce-row--col-gap-0 padding139x  vce-row-content--top\" data-vce-full-width=\"true\" id=\"el-d080bd30\" data-vce-do-apply=\"all el-d080bd30\"><div class=\"vce-row-content\" data-vce-element-content=\"true\"><div class=\"vce-col vce-col--md-74p vce-col--xs-1 vce-col--xs-last vce-col--xs-first vce-col--sm-last vce-col--sm-first vce-col--md-first vce-col--lg-first vce-col--xl-first padding15yr\" id=\"el-71a2b9ff\"><div class=\"vce-col-inner\" data-vce-do-apply=\"border margin background  el-71a2b9ff\"><div class=\"vce-col-content\" data-vce-element-content=\"true\" data-vce-do-apply=\"padding el-71a2b9ff\"><div class=\"vce-text-block black  padding100b\"><div class=\"vce-text-block-wrapper vce\" id=\"el-d5c6e6c4\" data-vce-do-apply=\"all el-d5c6e6c4\"><p>Dr. St\u00e9phanie Bellefeuille\u2019s journey began in 2010 at the Universit\u00e9 de Montr\u00e9al, where the excellence of her academic results earned her a place on the Dean\u2019s List. Through a rewarding experience at Sainte-Justine Hospital, she developed a gentle and reassuring approach that is especially appreciated by children.<\/p><p>Always striving for excellence, she regularly travels to further refine her skills, notably in California, where she trained in endodontics. She also enjoys long-term patient care in general and family dentistry, as well as implant-supported prosthetics, bridges, and crowns.<\/p><p>When she\u2019s not caring for smiles, Dr. Bellefeuille is an active mother who enjoys recharging through physical activity. If she\u2019s not in her garden, you might find her on the ski slopes, swimming laps in the pool, or mountain biking.<\/p><\/div><\/div><\/div><\/div><\/div><div class=\"vce-col vce-col--md-26p vce-col--xs-1 vce-col--xs-last vce-col--xs-first vce-col--sm-last vce-col--sm-first vce-col--md-last vce-col--lg-last vce-col--xl-last padding15yl\" id=\"el-2946f997\"><div class=\"vce-col-inner\" data-vce-do-apply=\"border margin background  el-2946f997\"><div class=\"vce-content-background-container\"><\/div><div class=\"vce-col-content\" data-vce-element-content=\"true\" data-vce-do-apply=\"padding el-2946f997\"><div class=\"vce-single-image-container fullwidthimg  vce-single-image--align-left\"><div class=\"vce vce-single-image-wrapper\" id=\"el-08129af1\" data-vce-do-apply=\"all el-08129af1\"><figure><div class=\"vce-single-image-figure-inner\" style=\"width: 350px;\"><div class=\"vce-single-image-inner vce-single-image--absolute\" style=\"width: 100%; padding-bottom: 140%;\"><img decoding=\"async\" class=\"vce-single-image\" src=\"https:\/\/www.cliniquepoirier.com\/wp-content\/uploads\/2025\/11\/Dre-Stephanie-Bellefeuille-3.jpg\" data-img-src=\"https:\/\/www.cliniquepoirier.com\/wp-content\/uploads\/2025\/11\/Dre-Stephanie-Bellefeuille-3.jpg\" data-attachment-id=\"4478\" alt=\"Dr. Stephanie Bellefeuille\" title=\"Dr. Stephanie Bellefeuille\"><\/div><\/div><figcaption hidden=\"\"><\/figcaption><\/figure><\/div><\/div><div class=\"vce-row-container\" data-vce-boxed-width=\"true\"><div class=\"vce-row vce-row--has-col-background vce-row--col-gap-0 vce-row-content--top\" id=\"el-c701967a\" data-vce-do-apply=\"all el-c701967a\"><div class=\"vce-row-content\" data-vce-element-content=\"true\"><div class=\"vce-col vce-element--has-background vce-col--md-auto vce-col--xs-1 vce-col--xs-last vce-col--xs-first vce-col--sm-last vce-col--sm-first vce-col--md-last vce-col--lg-last vce-col--xl-last vce-col--md-first vce-col--lg-first vce-col--xl-first\" id=\"el-72b611fd\"><div class=\"vce-col-inner\" data-vce-do-apply=\"border margin background  el-72b611fd\"><div class=\"vce-content-background-container\"><\/div><div class=\"vce-col-content\" data-vce-element-content=\"true\" data-vce-do-apply=\"padding el-72b611fd\"><div class=\"vce-text-block white padding48y padding27yl\"><div class=\"vce-text-block-wrapper vce\" id=\"el-7b10cf63\" data-vce-do-apply=\"all el-7b10cf63\"><p><img decoding=\"async\" class=\"alignnone size-full wp-image-290\" src=\"\/wp-content\/uploads\/2019\/08\/consultation-gratuite.png\" alt=\"consultation\" width=\"68\" height=\"82\"><\/p>\n<h3 class=\"uppercase font24 white\">FREE CONSULTATION<\/h3>\n<p class=\"white\">We would be happy to meet with you for a FREE consultation to help you see more clearly.<\/p>\n<\/div><\/div><\/div><\/div><\/div><\/div><\/div><\/div><\/div><\/div><\/div><\/div><\/div><\/div><div class=\"vce-row-container\" data-vce-boxed-width=\"true\"><div class=\"vce-row vce-element--has-background vce-row--col-gap-0 padding324x padding80yb margin45yt vce-row-equal-height vce-row-content--middle\" id=\"el-d0c1444a\" data-vce-do-apply=\"all el-d0c1444a\"><div class=\"vce-content-background-container\"><\/div><div class=\"vce-row-content\" data-vce-element-content=\"true\"><div class=\"vce-col vce-col--md-38p vce-col--xs-1 vce-col--xs-last vce-col--xs-first vce-col--sm-last vce-col--sm-first vce-col--md-first vce-col--lg-first vce-col--xl-first\" id=\"el-4bd81bb2\"><div class=\"vce-col-inner\" data-vce-do-apply=\"border margin background  el-4bd81bb2\"><div class=\"vce-col-content\" data-vce-element-content=\"true\" data-vce-do-apply=\"padding el-4bd81bb2\"><div class=\"vce-text-block white paddingnl\"><div class=\"vce-text-block-wrapper vce\" id=\"el-48186067\" data-vce-do-apply=\"all el-48186067\"><h2 class=\"font24 bold\">Stay informed<\/h2>\n<p>Sign up for our <br>flyers newsletter to <br>find out what's happening<\/p>\n<\/div><\/div><\/div><\/div><\/div><div class=\"vce-col vce-col--md-62p vce-col--xs-1 vce-col--xs-last vce-col--xs-first vce-col--sm-last vce-col--sm-first vce-col--md-last vce-col--lg-last vce-col--xl-last\" id=\"el-db29a9d6\"><div class=\"vce-col-inner\" data-vce-do-apply=\"border margin background  el-db29a9d6\"><div class=\"vce-col-content\" data-vce-element-content=\"true\" data-vce-do-apply=\"padding el-db29a9d6\"><div class=\"vce-shortcode\"><div class=\"vce-shortcode-wrapper vce\" id=\"el-e4ffede9\" data-vce-do-apply=\"all el-e4ffede9\"><script>(function() {\n\twindow.mc4wp = window.mc4wp || {\n\t\tlisteners: [],\n\t\tforms: {\n\t\t\ton: function(evt, cb) {\n\t\t\t\twindow.mc4wp.listeners.push(\n\t\t\t\t\t{\n\t\t\t\t\t\tevent   : evt,\n\t\t\t\t\t\tcallback: cb\n\t\t\t\t\t}\n\t\t\t\t);\n\t\t\t}\n\t\t}\n\t}\n})();\n<\/script><!-- Mailchimp for WordPress v4.12.0 - https:\/\/wordpress.org\/plugins\/mailchimp-for-wp\/ --><form id=\"mc4wp-form-1\" class=\"mc4wp-form mc4wp-form-4112\" method=\"post\" data-id=\"4112\" data-name=\"Stay Tuned\" ><div class=\"mc4wp-form-fields\"><div class=\"nlform\">    \n<input type=\"text\" name=\"FNAME\" placeholder=\"First Name\" class=\"nlprenom\">\n    <input type=\"text\" name=\"LNAME\" placeholder=\"Last Name\" class=\"nlnom\">\n\t<input type=\"email\" name=\"EMAIL\" placeholder=\"Email\" class=\"nlemail\" required=\"\">\n\n<div style=\"width:60%; float:left;\">\n    <label><input name=\"AGREE_TO_TERMS\" type=\"checkbox\" value=\"1\" class=\"nlchec\" required=\"\"><span>I wish to receive information from Clinique Poirier by email.<\/span><\/label>\n  \n<\/div>\n<div style=\"width:40%; float:left;\">\n<input type=\"submit\" class=\"btblue\" value=\"Subscribe\">\n  \n<\/div>\n<\/div><\/div><label style=\"display: none !important;\">Leave this field empty if you're human: <input type=\"text\" name=\"_mc4wp_honeypot\" value=\"\" tabindex=\"-1\" autocomplete=\"off\" \/><\/label><input type=\"hidden\" name=\"_mc4wp_timestamp\" value=\"1777905337\" \/><input type=\"hidden\" name=\"_mc4wp_form_id\" value=\"4112\" \/><input type=\"hidden\" name=\"_mc4wp_form_element_id\" value=\"mc4wp-form-1\" \/><div class=\"mc4wp-response\"><\/div><\/form><!-- \/ Mailchimp for WordPress Plugin --><\/div><\/div><\/div><\/div><\/div><\/div><\/div><\/div>\n","protected":false},"excerpt":{"rendered":"<p>Dr. St\u00e9phanie Bellefeuille Dr. St\u00e9phanie Bellefeuille\u2019s journey began in 2010 at the Universit\u00e9 de Montr\u00e9al, where the excellence of her academic results [&hellip;]<\/p>\n","protected":false},"author":9,"featured_media":0,"parent":4128,"menu_order":0,"comment_status":"closed","ping_status":"closed","template":"","meta":{"footnotes":""},"class_list":["post-4474","page","type-page","status-publish","hentry"],"yoast_head":"<!-- This site is optimized with the Yoast SEO plugin v27.2 - https:\/\/yoast.com\/product\/yoast-seo-wordpress\/ -->\n<title>Dr St\u00e9phanie Bellefeuille -<\/title>\n<meta name=\"robots\" content=\"index, follow, max-snippet:-1, max-image-preview:large, max-video-preview:-1\" \/>\n<link rel=\"canonical\" href=\"https:\/\/www.cliniquepoirier.com\/en\/our-team\/dr-stephanie-bellefeuille\/\" \/>\n<meta property=\"og:locale\" content=\"en_US\" \/>\n<meta property=\"og:type\" content=\"article\" \/>\n<meta property=\"og:title\" content=\"Dr St\u00e9phanie Bellefeuille -\" \/>\n<meta property=\"og:description\" content=\"Dr. St\u00e9phanie Bellefeuille Dr. St\u00e9phanie Bellefeuille\u2019s journey began in 2010 at the Universit\u00e9 de Montr\u00e9al, where the excellence of her academic results [&hellip;]\" \/>\n<meta property=\"og:url\" content=\"https:\/\/www.cliniquepoirier.com\/en\/our-team\/dr-stephanie-bellefeuille\/\" \/>\n<meta property=\"article:modified_time\" content=\"2026-01-12T14:56:05+00:00\" \/>\n<meta name=\"twitter:card\" content=\"summary_large_image\" \/>\n<meta name=\"twitter:label1\" content=\"Est. reading time\" \/>\n\t<meta name=\"twitter:data1\" content=\"1 minute\" \/>\n<script type=\"application\/ld+json\" class=\"yoast-schema-graph\">{\"@context\":\"https:\/\/schema.org\",\"@graph\":[{\"@type\":\"WebPage\",\"@id\":\"https:\/\/www.cliniquepoirier.com\/en\/our-team\/dr-stephanie-bellefeuille\/\",\"url\":\"https:\/\/www.cliniquepoirier.com\/en\/our-team\/dr-stephanie-bellefeuille\/\",\"name\":\"Dr St\u00e9phanie Bellefeuille -\",\"isPartOf\":{\"@id\":\"https:\/\/www.cliniquepoirier.com\/en\/#website\"},\"datePublished\":\"2025-11-19T10:21:04+00:00\",\"dateModified\":\"2026-01-12T14:56:05+00:00\",\"breadcrumb\":{\"@id\":\"https:\/\/www.cliniquepoirier.com\/en\/our-team\/dr-stephanie-bellefeuille\/#breadcrumb\"},\"inLanguage\":\"en-CA\",\"potentialAction\":[{\"@type\":\"ReadAction\",\"target\":[\"https:\/\/www.cliniquepoirier.com\/en\/our-team\/dr-stephanie-bellefeuille\/\"]}]},{\"@type\":\"BreadcrumbList\",\"@id\":\"https:\/\/www.cliniquepoirier.com\/en\/our-team\/dr-stephanie-bellefeuille\/#breadcrumb\",\"itemListElement\":[{\"@type\":\"ListItem\",\"position\":1,\"name\":\"Accueil\",\"item\":\"https:\/\/www.cliniquepoirier.com\/en\/\"},{\"@type\":\"ListItem\",\"position\":2,\"name\":\"Our Team\",\"item\":\"https:\/\/www.cliniquepoirier.com\/en\/our-team\/\"},{\"@type\":\"ListItem\",\"position\":3,\"name\":\"Dr St\u00e9phanie Bellefeuille\"}]},{\"@type\":\"WebSite\",\"@id\":\"https:\/\/www.cliniquepoirier.com\/en\/#website\",\"url\":\"https:\/\/www.cliniquepoirier.com\/en\/\",\"name\":\"\",\"description\":\"\",\"potentialAction\":[{\"@type\":\"SearchAction\",\"target\":{\"@type\":\"EntryPoint\",\"urlTemplate\":\"https:\/\/www.cliniquepoirier.com\/en\/?s={search_term_string}\"},\"query-input\":{\"@type\":\"PropertyValueSpecification\",\"valueRequired\":true,\"valueName\":\"search_term_string\"}}],\"inLanguage\":\"en-CA\"}]}<\/script>\n<!-- \/ Yoast SEO plugin. -->","yoast_head_json":{"title":"Dr St\u00e9phanie Bellefeuille -","robots":{"index":"index","follow":"follow","max-snippet":"max-snippet:-1","max-image-preview":"max-image-preview:large","max-video-preview":"max-video-preview:-1"},"canonical":"https:\/\/www.cliniquepoirier.com\/en\/our-team\/dr-stephanie-bellefeuille\/","og_locale":"en_US","og_type":"article","og_title":"Dr St\u00e9phanie Bellefeuille -","og_description":"Dr. St\u00e9phanie Bellefeuille Dr. St\u00e9phanie Bellefeuille\u2019s journey began in 2010 at the Universit\u00e9 de Montr\u00e9al, where the excellence of her academic results [&hellip;]","og_url":"https:\/\/www.cliniquepoirier.com\/en\/our-team\/dr-stephanie-bellefeuille\/","article_modified_time":"2026-01-12T14:56:05+00:00","twitter_card":"summary_large_image","twitter_misc":{"Est. reading time":"1 minute"},"schema":{"@context":"https:\/\/schema.org","@graph":[{"@type":"WebPage","@id":"https:\/\/www.cliniquepoirier.com\/en\/our-team\/dr-stephanie-bellefeuille\/","url":"https:\/\/www.cliniquepoirier.com\/en\/our-team\/dr-stephanie-bellefeuille\/","name":"Dr St\u00e9phanie Bellefeuille -","isPartOf":{"@id":"https:\/\/www.cliniquepoirier.com\/en\/#website"},"datePublished":"2025-11-19T10:21:04+00:00","dateModified":"2026-01-12T14:56:05+00:00","breadcrumb":{"@id":"https:\/\/www.cliniquepoirier.com\/en\/our-team\/dr-stephanie-bellefeuille\/#breadcrumb"},"inLanguage":"en-CA","potentialAction":[{"@type":"ReadAction","target":["https:\/\/www.cliniquepoirier.com\/en\/our-team\/dr-stephanie-bellefeuille\/"]}]},{"@type":"BreadcrumbList","@id":"https:\/\/www.cliniquepoirier.com\/en\/our-team\/dr-stephanie-bellefeuille\/#breadcrumb","itemListElement":[{"@type":"ListItem","position":1,"name":"Accueil","item":"https:\/\/www.cliniquepoirier.com\/en\/"},{"@type":"ListItem","position":2,"name":"Our Team","item":"https:\/\/www.cliniquepoirier.com\/en\/our-team\/"},{"@type":"ListItem","position":3,"name":"Dr St\u00e9phanie Bellefeuille"}]},{"@type":"WebSite","@id":"https:\/\/www.cliniquepoirier.com\/en\/#website","url":"https:\/\/www.cliniquepoirier.com\/en\/","name":"","description":"","potentialAction":[{"@type":"SearchAction","target":{"@type":"EntryPoint","urlTemplate":"https:\/\/www.cliniquepoirier.com\/en\/?s={search_term_string}"},"query-input":{"@type":"PropertyValueSpecification","valueRequired":true,"valueName":"search_term_string"}}],"inLanguage":"en-CA"}]}},"_links":{"self":[{"href":"https:\/\/www.cliniquepoirier.com\/en\/wp-json\/wp\/v2\/pages\/4474","targetHints":{"allow":["GET"]}}],"collection":[{"href":"https:\/\/www.cliniquepoirier.com\/en\/wp-json\/wp\/v2\/pages"}],"about":[{"href":"https:\/\/www.cliniquepoirier.com\/en\/wp-json\/wp\/v2\/types\/page"}],"author":[{"embeddable":true,"href":"https:\/\/www.cliniquepoirier.com\/en\/wp-json\/wp\/v2\/users\/9"}],"replies":[{"embeddable":true,"href":"https:\/\/www.cliniquepoirier.com\/en\/wp-json\/wp\/v2\/comments?post=4474"}],"version-history":[{"count":7,"href":"https:\/\/www.cliniquepoirier.com\/en\/wp-json\/wp\/v2\/pages\/4474\/revisions"}],"predecessor-version":[{"id":4507,"href":"https:\/\/www.cliniquepoirier.com\/en\/wp-json\/wp\/v2\/pages\/4474\/revisions\/4507"}],"up":[{"embeddable":true,"href":"https:\/\/www.cliniquepoirier.com\/en\/wp-json\/wp\/v2\/pages\/4128"}],"wp:attachment":[{"href":"https:\/\/www.cliniquepoirier.com\/en\/wp-json\/wp\/v2\/media?parent=4474"}],"curies":[{"name":"wp","href":"https:\/\/api.w.org\/{rel}","templated":true}]}}