{"id":4136,"date":"2020-11-18T08:00:36","date_gmt":"2020-11-18T08:00:36","guid":{"rendered":"https:\/\/www.cliniquepoirier.com\/our-team\/dre-emilie-cote\/"},"modified":"2025-09-23T09:20:27","modified_gmt":"2025-09-23T09:20:27","slug":"dr-emilie-cote","status":"publish","type":"page","link":"https:\/\/www.cliniquepoirier.com\/en\/our-team\/dr-emilie-cote\/","title":{"rendered":"Dr. \u00c9milie C\u00f4t\u00e9"},"content":{"rendered":"<div class=\"vce-row-container\"><div class=\"vce-row vce-row--col-gap-0 vce-row-no-paddings vce-row-content--middle\" data-vce-full-width=\"true\" data-vce-stretch-content=\"true\" id=\"el-bd80c5b2\" data-vce-do-apply=\"all el-bd80c5b2\"><div class=\"vce-row-content\" data-vce-element-content=\"true\"><div class=\"vce-col vce-col--xs-100p vce-col--xs-visible vce-col--xs-last vce-col--xs-first vce-col--sm-100p vce-col--sm-visible vce-col--sm-last vce-col--sm-first vce-col--md-100p vce-col--md-visible vce-col--md-last vce-col--md-first vce-col--lg-100p vce-col--lg-visible vce-col--lg-last vce-col--lg-first vce-col--xl-100p vce-col--xl-visible vce-col--xl-last vce-col--xl-first\" id=\"el-ad09edcd\"><div class=\"vce-col-inner\" data-vce-do-apply=\"border margin background  el-ad09edcd\"><div class=\"vce-col-content\" data-vce-element-content=\"true\" data-vce-do-apply=\"padding el-ad09edcd\"><div class=\"vce-single-image-container header-home fullwidthimg vce-single-image--align-left\"><div class=\"vce vce-single-image-wrapper\" id=\"el-0d17923e\" data-vce-do-apply=\"all el-0d17923e\"><figure><div class=\"vce-single-image-figure-inner\" style=\"width: 1366px;\"><div class=\"vce-single-image-inner vce-single-image--absolute\" style=\"width: 100%; padding-bottom: 32.9429%;\"><img decoding=\"async\" class=\"vce-single-image\" src=\"https:\/\/www.cliniquepoirier.com\/wp-content\/uploads\/2019\/09\/notre-equipe-header.jpg\" data-img-src=\"https:\/\/www.cliniquepoirier.com\/wp-content\/uploads\/2019\/09\/notre-equipe-header.jpg\" data-attachment-id=\"1117\" alt=\"notre \u00e9quipe\" title=\"notre-equipe-header\"><\/div><\/div><figcaption hidden=\"\"><\/figcaption><\/figure><\/div><\/div><div class=\"vce-text-block breadcrumbsourire\"><div class=\"vce-text-block-wrapper vce\" id=\"el-9fd8e895\" data-vce-do-apply=\"all el-9fd8e895\"><p><span><span><a href=\"https:\/\/www.cliniquepoirier.com\/en\/\">Accueil<\/a><\/span><\/span><\/p><\/div><\/div><\/div><\/div><\/div><\/div><\/div><\/div><div class=\"vce-row-container\" data-vce-boxed-width=\"true\"><div class=\"vce-row vce-row--col-gap-0 padding80y vce-row-content--top\" id=\"el-2d12d857\" data-vce-do-apply=\"all el-2d12d857\"><div class=\"vce-row-content\" data-vce-element-content=\"true\"><div class=\"vce-col vce-col--md-auto vce-col--xs-1 vce-col--xs-last vce-col--xs-first vce-col--sm-last vce-col--sm-first vce-col--md-last vce-col--lg-last vce-col--xl-last vce-col--md-first vce-col--lg-first vce-col--xl-first\" id=\"el-2a646926\"><div class=\"vce-col-inner\" data-vce-do-apply=\"border margin background  el-2a646926\"><div class=\"vce-col-content\" data-vce-element-content=\"true\" data-vce-do-apply=\"padding el-2a646926\"><div class=\"vce-text-block\"><div class=\"vce-text-block-wrapper vce\" id=\"el-b3611f6f\" data-vce-do-apply=\"all el-b3611f6f\"><h1 class=\"font35 bold\" style=\"text-align: center;\">Dr \u00c9milie C\u00f4t\u00e9<\/h1><\/div><\/div><\/div><\/div><\/div><\/div><\/div><\/div><div class=\"vce-row-container\"><div class=\"vce-row vce-row--col-gap-0 padding139x  vce-row-content--top\" data-vce-full-width=\"true\" id=\"el-0197a19d\" data-vce-do-apply=\"all el-0197a19d\"><div class=\"vce-row-content\" data-vce-element-content=\"true\"><div class=\"vce-col vce-col--md-74p vce-col--xs-1 vce-col--xs-last vce-col--xs-first vce-col--sm-last vce-col--sm-first vce-col--md-first vce-col--lg-first vce-col--xl-first padding15yr\" id=\"el-9755efa5\"><div class=\"vce-col-inner\" data-vce-do-apply=\"border margin background  el-9755efa5\"><div class=\"vce-col-content\" data-vce-element-content=\"true\" data-vce-do-apply=\"padding el-9755efa5\"><div class=\"vce-text-block black  padding100b\"><div class=\"vce-text-block-wrapper vce\" id=\"el-23250847\" data-vce-do-apply=\"all el-23250847\"><p><span style=\"font-weight: 400;\">A 2020 graduate of the Faculty of Dentistry at the University of Montreal, Dr. \u00c9milie C\u00f4t\u00e9 has been with our team since the beginning of her career. She enjoys all aspects of dentistry, but has a particular fondness for orthodontics, prosthodontics (crowns and bridges), cosmetic dentistry, and surgery. She has also completed her orthodontics and dentofacial orthopedics course at the International Dental Institute, enabling her to meet the needs of children and adults who want to improve their smiles.<\/span><\/p><p><span style=\"font-weight: 400;\">She loves helping people in need and has had the opportunity to do several internships in different settings, such as the Institut universitaire en sant\u00e9 mentale de Montr\u00e9al, the Clinique Dentaire des jeunes de la rue, and the Institut universitaire de g\u00e9riatrie de Montr\u00e9al.<\/span><\/p><p><span style=\"font-weight: 400;\">In addition to dentistry, she loves traveling and sports. She is particularly passionate about surfing, kitesurfing, and mountain biking.<\/span><\/p><p><span style=\"font-weight: 400;\">Gentle, meticulous, and always attentive to her patients' needs, she will welcome you with her contagious smile and treat you with the utmost professionalism and expertise. Come meet her!<\/span><\/p><\/div><\/div><\/div><\/div><\/div><div class=\"vce-col vce-col--md-26p vce-col--xs-1 vce-col--xs-last vce-col--xs-first vce-col--sm-last vce-col--sm-first vce-col--md-last vce-col--lg-last vce-col--xl-last padding15yl\" id=\"el-f70779de\"><div class=\"vce-col-inner\" data-vce-do-apply=\"border margin background  el-f70779de\"><div class=\"vce-content-background-container\"><\/div><div class=\"vce-col-content\" data-vce-element-content=\"true\" data-vce-do-apply=\"padding el-f70779de\"><div class=\"vce-single-image-container fullwidthimg  vce-single-image--align-left\"><div class=\"vce vce-single-image-wrapper\" id=\"el-1a6f0ae0\" data-vce-do-apply=\"all el-1a6f0ae0\"><figure><div class=\"vce-single-image-figure-inner\" style=\"width: 1500px;\"><div class=\"vce-single-image-inner vce-single-image--absolute\" style=\"width: 100%; padding-bottom: 140%;\"><img decoding=\"async\" class=\"vce-single-image\" src=\"https:\/\/www.cliniquepoirier.com\/wp-content\/uploads\/2020\/11\/poirier.jpg\" data-img-src=\"https:\/\/www.cliniquepoirier.com\/wp-content\/uploads\/2020\/11\/poirier.jpg\" data-attachment-id=\"1922\" alt=\"\" title=\"poirier\"><\/div><\/div><figcaption hidden=\"\"><\/figcaption><\/figure><\/div><\/div><div class=\"vce-row-container\" data-vce-boxed-width=\"true\"><div class=\"vce-row vce-row--has-col-background vce-row--col-gap-0 vce-row-content--top\" id=\"el-32427a27\" data-vce-do-apply=\"all el-32427a27\"><div class=\"vce-row-content\" data-vce-element-content=\"true\"><div class=\"vce-col vce-element--has-background vce-col--md-auto vce-col--xs-1 vce-col--xs-last vce-col--xs-first vce-col--sm-last vce-col--sm-first vce-col--md-last vce-col--lg-last vce-col--xl-last vce-col--md-first vce-col--lg-first vce-col--xl-first\" id=\"el-faf55690\"><div class=\"vce-col-inner\" data-vce-do-apply=\"border margin background  el-faf55690\"><div class=\"vce-content-background-container\"><\/div><div class=\"vce-col-content\" data-vce-element-content=\"true\" data-vce-do-apply=\"padding el-faf55690\"><div class=\"vce-text-block white padding48y padding27yl\"><div class=\"vce-text-block-wrapper vce\" id=\"el-0b20745c\" data-vce-do-apply=\"all el-0b20745c\"><p><img decoding=\"async\" class=\"alignnone size-full wp-image-290\" src=\"\/wp-content\/uploads\/2019\/08\/consultation-gratuite.png\" alt=\"consultation\" width=\"68\" height=\"82\"><\/p>\n<h3 class=\"uppercase font24 white\">FREE CONSULTATION<\/h3>\n<p class=\"white\">We would be happy to meet with you for a FREE consultation to help you see more clearly.<\/p>\n<\/div><\/div><\/div><\/div><\/div><\/div><\/div><\/div><\/div><\/div><\/div><\/div><\/div><\/div><div class=\"vce-row-container\" data-vce-boxed-width=\"true\"><div class=\"vce-row vce-element--has-background vce-row--col-gap-0 padding324x padding80yb margin45yt vce-row-equal-height vce-row-content--middle\" id=\"el-78d9180e\" data-vce-do-apply=\"all el-78d9180e\"><div class=\"vce-content-background-container\"><\/div><div class=\"vce-row-content\" data-vce-element-content=\"true\"><div class=\"vce-col vce-col--md-38p vce-col--xs-1 vce-col--xs-last vce-col--xs-first vce-col--sm-last vce-col--sm-first vce-col--md-first vce-col--lg-first vce-col--xl-first\" id=\"el-e7a04514\"><div class=\"vce-col-inner\" data-vce-do-apply=\"border margin background  el-e7a04514\"><div class=\"vce-col-content\" data-vce-element-content=\"true\" data-vce-do-apply=\"padding el-e7a04514\"><div class=\"vce-text-block white paddingnl\"><div class=\"vce-text-block-wrapper vce\" id=\"el-c04b316d\" data-vce-do-apply=\"all el-c04b316d\"><h2 class=\"font24 bold\">Stay informed<\/h2>\n<p>Sign up for our <br>flyers newsletter to <br>find out what's happening<\/p>\n<\/div><\/div><\/div><\/div><\/div><div class=\"vce-col vce-col--md-62p vce-col--xs-1 vce-col--xs-last vce-col--xs-first vce-col--sm-last vce-col--sm-first vce-col--md-last vce-col--lg-last vce-col--xl-last\" id=\"el-c8e6a64d\"><div class=\"vce-col-inner\" data-vce-do-apply=\"border margin background  el-c8e6a64d\"><div class=\"vce-col-content\" data-vce-element-content=\"true\" data-vce-do-apply=\"padding el-c8e6a64d\"><div class=\"vce-shortcode\"><div class=\"vce-shortcode-wrapper vce\" id=\"el-a5cc05ca\" data-vce-do-apply=\"all el-a5cc05ca\"><script>(function() {\n\twindow.mc4wp = window.mc4wp || {\n\t\tlisteners: [],\n\t\tforms: {\n\t\t\ton: function(evt, cb) {\n\t\t\t\twindow.mc4wp.listeners.push(\n\t\t\t\t\t{\n\t\t\t\t\t\tevent   : evt,\n\t\t\t\t\t\tcallback: cb\n\t\t\t\t\t}\n\t\t\t\t);\n\t\t\t}\n\t\t}\n\t}\n})();\n<\/script><!-- Mailchimp for WordPress v4.12.0 - https:\/\/wordpress.org\/plugins\/mailchimp-for-wp\/ --><form id=\"mc4wp-form-1\" class=\"mc4wp-form mc4wp-form-4112\" method=\"post\" data-id=\"4112\" data-name=\"Stay Tuned\" ><div class=\"mc4wp-form-fields\"><div class=\"nlform\">    \n<input type=\"text\" name=\"FNAME\" placeholder=\"First Name\" class=\"nlprenom\">\n    <input type=\"text\" name=\"LNAME\" placeholder=\"Last Name\" class=\"nlnom\">\n\t<input type=\"email\" name=\"EMAIL\" placeholder=\"Email\" class=\"nlemail\" required=\"\">\n\n<div style=\"width:60%; float:left;\">\n    <label><input name=\"AGREE_TO_TERMS\" type=\"checkbox\" value=\"1\" class=\"nlchec\" required=\"\"><span>I wish to receive information from Clinique Poirier by email.<\/span><\/label>\n  \n<\/div>\n<div style=\"width:40%; float:left;\">\n<input type=\"submit\" class=\"btblue\" value=\"Subscribe\">\n  \n<\/div>\n<\/div><\/div><label style=\"display: none !important;\">Leave this field empty if you're human: <input type=\"text\" name=\"_mc4wp_honeypot\" value=\"\" tabindex=\"-1\" autocomplete=\"off\" \/><\/label><input type=\"hidden\" name=\"_mc4wp_timestamp\" value=\"1776277815\" \/><input type=\"hidden\" name=\"_mc4wp_form_id\" value=\"4112\" \/><input type=\"hidden\" name=\"_mc4wp_form_element_id\" value=\"mc4wp-form-1\" \/><div class=\"mc4wp-response\"><\/div><\/form><!-- \/ Mailchimp for WordPress Plugin --><\/div><\/div><\/div><\/div><\/div><\/div><\/div><\/div>\n","protected":false},"excerpt":{"rendered":"<p>Dr \u00c9milie C\u00f4t\u00e9A 2020 graduate of the Faculty of Dentistry at the University of Montreal, Dr. \u00c9milie C\u00f4t\u00e9 has been with our [&hellip;]<\/p>\n","protected":false},"author":1,"featured_media":0,"parent":4128,"menu_order":0,"comment_status":"closed","ping_status":"closed","template":"","meta":{"footnotes":""},"class_list":["post-4136","page","type-page","status-publish","hentry"],"yoast_head":"<!-- This site is optimized with the Yoast SEO plugin v27.2 - https:\/\/yoast.com\/product\/yoast-seo-wordpress\/ -->\n<title>Dr \u00c9milie C\u00f4t\u00e9 - Clinique Poirier Centre Dentaire<\/title>\n<meta name=\"robots\" content=\"index, follow, max-snippet:-1, max-image-preview:large, max-video-preview:-1\" \/>\n<link rel=\"canonical\" href=\"https:\/\/www.cliniquepoirier.com\/en\/our-team\/dr-emilie-cote\/\" \/>\n<meta property=\"og:locale\" content=\"en_US\" \/>\n<meta property=\"og:type\" content=\"article\" \/>\n<meta property=\"og:title\" content=\"Dr \u00c9milie C\u00f4t\u00e9 - Clinique Poirier Centre Dentaire\" \/>\n<meta property=\"og:description\" content=\"Dr \u00c9milie C\u00f4t\u00e9A 2020 graduate of the Faculty of Dentistry at the University of Montreal, Dr. \u00c9milie C\u00f4t\u00e9 has been with our [&hellip;]\" \/>\n<meta property=\"og:url\" content=\"https:\/\/www.cliniquepoirier.com\/en\/our-team\/dr-emilie-cote\/\" \/>\n<meta property=\"article:modified_time\" content=\"2025-09-23T09:20:27+00:00\" \/>\n<meta property=\"og:image\" content=\"https:\/\/www.cliniquepoirier.com\/wp-content\/uploads\/2019\/09\/notre-equipe-header.jpg\" \/>\n\t<meta property=\"og:image:width\" content=\"1366\" \/>\n\t<meta property=\"og:image:height\" content=\"450\" \/>\n\t<meta property=\"og:image:type\" content=\"image\/jpeg\" \/>\n<meta name=\"twitter:card\" content=\"summary_large_image\" \/>\n<meta name=\"twitter:label1\" content=\"Est. reading time\" \/>\n\t<meta name=\"twitter:data1\" content=\"2 minutes\" \/>\n<script type=\"application\/ld+json\" class=\"yoast-schema-graph\">{\"@context\":\"https:\/\/schema.org\",\"@graph\":[{\"@type\":\"WebPage\",\"@id\":\"https:\/\/www.cliniquepoirier.com\/en\/our-team\/dr-emilie-cote\/\",\"url\":\"https:\/\/www.cliniquepoirier.com\/en\/our-team\/dr-emilie-cote\/\",\"name\":\"Dr \u00c9milie C\u00f4t\u00e9 - Clinique Poirier Centre Dentaire\",\"isPartOf\":{\"@id\":\"https:\/\/www.cliniquepoirier.com\/en\/#website\"},\"datePublished\":\"2020-11-18T08:00:36+00:00\",\"dateModified\":\"2025-09-23T09:20:27+00:00\",\"breadcrumb\":{\"@id\":\"https:\/\/www.cliniquepoirier.com\/en\/our-team\/dr-emilie-cote\/#breadcrumb\"},\"inLanguage\":\"en-CA\",\"potentialAction\":[{\"@type\":\"ReadAction\",\"target\":[\"https:\/\/www.cliniquepoirier.com\/en\/our-team\/dr-emilie-cote\/\"]}]},{\"@type\":\"BreadcrumbList\",\"@id\":\"https:\/\/www.cliniquepoirier.com\/en\/our-team\/dr-emilie-cote\/#breadcrumb\",\"itemListElement\":[{\"@type\":\"ListItem\",\"position\":1,\"name\":\"Accueil\",\"item\":\"https:\/\/www.cliniquepoirier.com\/en\/\"},{\"@type\":\"ListItem\",\"position\":2,\"name\":\"Our Team\",\"item\":\"https:\/\/www.cliniquepoirier.com\/en\/our-team\/\"},{\"@type\":\"ListItem\",\"position\":3,\"name\":\"Dr. \u00c9milie C\u00f4t\u00e9\"}]},{\"@type\":\"WebSite\",\"@id\":\"https:\/\/www.cliniquepoirier.com\/en\/#website\",\"url\":\"https:\/\/www.cliniquepoirier.com\/en\/\",\"name\":\"\",\"description\":\"\",\"potentialAction\":[{\"@type\":\"SearchAction\",\"target\":{\"@type\":\"EntryPoint\",\"urlTemplate\":\"https:\/\/www.cliniquepoirier.com\/en\/?s={search_term_string}\"},\"query-input\":{\"@type\":\"PropertyValueSpecification\",\"valueRequired\":true,\"valueName\":\"search_term_string\"}}],\"inLanguage\":\"en-CA\"}]}<\/script>\n<!-- \/ Yoast SEO plugin. -->","yoast_head_json":{"title":"Dr \u00c9milie C\u00f4t\u00e9 - Clinique Poirier Centre Dentaire","robots":{"index":"index","follow":"follow","max-snippet":"max-snippet:-1","max-image-preview":"max-image-preview:large","max-video-preview":"max-video-preview:-1"},"canonical":"https:\/\/www.cliniquepoirier.com\/en\/our-team\/dr-emilie-cote\/","og_locale":"en_US","og_type":"article","og_title":"Dr \u00c9milie C\u00f4t\u00e9 - Clinique Poirier Centre Dentaire","og_description":"Dr \u00c9milie C\u00f4t\u00e9A 2020 graduate of the Faculty of Dentistry at the University of Montreal, Dr. \u00c9milie C\u00f4t\u00e9 has been with our [&hellip;]","og_url":"https:\/\/www.cliniquepoirier.com\/en\/our-team\/dr-emilie-cote\/","article_modified_time":"2025-09-23T09:20:27+00:00","og_image":[{"width":1366,"height":450,"url":"https:\/\/www.cliniquepoirier.com\/wp-content\/uploads\/2019\/09\/notre-equipe-header.jpg","type":"image\/jpeg"}],"twitter_card":"summary_large_image","twitter_misc":{"Est. reading time":"2 minutes"},"schema":{"@context":"https:\/\/schema.org","@graph":[{"@type":"WebPage","@id":"https:\/\/www.cliniquepoirier.com\/en\/our-team\/dr-emilie-cote\/","url":"https:\/\/www.cliniquepoirier.com\/en\/our-team\/dr-emilie-cote\/","name":"Dr \u00c9milie C\u00f4t\u00e9 - Clinique Poirier Centre Dentaire","isPartOf":{"@id":"https:\/\/www.cliniquepoirier.com\/en\/#website"},"datePublished":"2020-11-18T08:00:36+00:00","dateModified":"2025-09-23T09:20:27+00:00","breadcrumb":{"@id":"https:\/\/www.cliniquepoirier.com\/en\/our-team\/dr-emilie-cote\/#breadcrumb"},"inLanguage":"en-CA","potentialAction":[{"@type":"ReadAction","target":["https:\/\/www.cliniquepoirier.com\/en\/our-team\/dr-emilie-cote\/"]}]},{"@type":"BreadcrumbList","@id":"https:\/\/www.cliniquepoirier.com\/en\/our-team\/dr-emilie-cote\/#breadcrumb","itemListElement":[{"@type":"ListItem","position":1,"name":"Accueil","item":"https:\/\/www.cliniquepoirier.com\/en\/"},{"@type":"ListItem","position":2,"name":"Our Team","item":"https:\/\/www.cliniquepoirier.com\/en\/our-team\/"},{"@type":"ListItem","position":3,"name":"Dr. \u00c9milie C\u00f4t\u00e9"}]},{"@type":"WebSite","@id":"https:\/\/www.cliniquepoirier.com\/en\/#website","url":"https:\/\/www.cliniquepoirier.com\/en\/","name":"","description":"","potentialAction":[{"@type":"SearchAction","target":{"@type":"EntryPoint","urlTemplate":"https:\/\/www.cliniquepoirier.com\/en\/?s={search_term_string}"},"query-input":{"@type":"PropertyValueSpecification","valueRequired":true,"valueName":"search_term_string"}}],"inLanguage":"en-CA"}]}},"_links":{"self":[{"href":"https:\/\/www.cliniquepoirier.com\/en\/wp-json\/wp\/v2\/pages\/4136","targetHints":{"allow":["GET"]}}],"collection":[{"href":"https:\/\/www.cliniquepoirier.com\/en\/wp-json\/wp\/v2\/pages"}],"about":[{"href":"https:\/\/www.cliniquepoirier.com\/en\/wp-json\/wp\/v2\/types\/page"}],"author":[{"embeddable":true,"href":"https:\/\/www.cliniquepoirier.com\/en\/wp-json\/wp\/v2\/users\/1"}],"replies":[{"embeddable":true,"href":"https:\/\/www.cliniquepoirier.com\/en\/wp-json\/wp\/v2\/comments?post=4136"}],"version-history":[{"count":3,"href":"https:\/\/www.cliniquepoirier.com\/en\/wp-json\/wp\/v2\/pages\/4136\/revisions"}],"predecessor-version":[{"id":4147,"href":"https:\/\/www.cliniquepoirier.com\/en\/wp-json\/wp\/v2\/pages\/4136\/revisions\/4147"}],"up":[{"embeddable":true,"href":"https:\/\/www.cliniquepoirier.com\/en\/wp-json\/wp\/v2\/pages\/4128"}],"wp:attachment":[{"href":"https:\/\/www.cliniquepoirier.com\/en\/wp-json\/wp\/v2\/media?parent=4136"}],"curies":[{"name":"wp","href":"https:\/\/api.w.org\/{rel}","templated":true}]}}