{"id":4131,"date":"2019-10-01T12:47:05","date_gmt":"2019-10-01T12:47:05","guid":{"rendered":"https:\/\/www.cliniquepoirier.com\/our-team\/dentiste-francis-tasse\/"},"modified":"2025-09-23T09:08:09","modified_gmt":"2025-09-23T09:08:09","slug":"dr-francis-tasse","status":"publish","type":"page","link":"https:\/\/www.cliniquepoirier.com\/en\/our-team\/dr-francis-tasse\/","title":{"rendered":"Dr. Francis Tass\u00e9"},"content":{"rendered":"<div class=\"vce-row-container\"><div class=\"vce-row vce-row--col-gap-0 vce-row-no-paddings vce-row-content--middle\" data-vce-full-width=\"true\" data-vce-stretch-content=\"true\" id=\"el-d93a11ec\" data-vce-do-apply=\"all el-d93a11ec\"><div class=\"vce-row-content\" data-vce-element-content=\"true\"><div class=\"vce-col vce-col--xs-100p vce-col--xs-visible vce-col--xs-last vce-col--xs-first vce-col--sm-100p vce-col--sm-visible vce-col--sm-last vce-col--sm-first vce-col--md-100p vce-col--md-visible vce-col--md-last vce-col--md-first vce-col--lg-100p vce-col--lg-visible vce-col--lg-last vce-col--lg-first vce-col--xl-100p vce-col--xl-visible vce-col--xl-last vce-col--xl-first\" id=\"el-c1c89f6a\"><div class=\"vce-col-inner\" data-vce-do-apply=\"border margin background  el-c1c89f6a\"><div class=\"vce-col-content\" data-vce-element-content=\"true\" data-vce-do-apply=\"padding el-c1c89f6a\"><div class=\"vce-single-image-container header-home fullwidthimg vce-single-image--align-left\"><div class=\"vce vce-single-image-wrapper\" id=\"el-087674ad\" data-vce-do-apply=\"all el-087674ad\"><figure><div class=\"vce-single-image-figure-inner\" style=\"width: 1366px;\"><div class=\"vce-single-image-inner vce-single-image--absolute\" style=\"width: 100%; padding-bottom: 32.9429%;\"><img decoding=\"async\" class=\"vce-single-image\" src=\"https:\/\/www.cliniquepoirier.com\/wp-content\/uploads\/2019\/09\/notre-equipe-header.jpg\" data-img-src=\"https:\/\/www.cliniquepoirier.com\/wp-content\/uploads\/2019\/09\/notre-equipe-header.jpg\" data-attachment-id=\"1117\" alt=\"notre \u00e9quipe\" title=\"notre-equipe-header\"><\/div><\/div><figcaption hidden=\"\"><\/figcaption><\/figure><\/div><\/div><div class=\"vce-text-block breadcrumbsourire\"><div class=\"vce-text-block-wrapper vce\" id=\"el-fda39f4f\" data-vce-do-apply=\"all el-fda39f4f\"><p><span><span><a href=\"https:\/\/www.cliniquepoirier.com\/en\/\">Accueil<\/a><\/span><\/span><\/p><\/div><\/div><\/div><\/div><\/div><\/div><\/div><\/div><div class=\"vce-row-container\" data-vce-boxed-width=\"true\"><div class=\"vce-row vce-row--col-gap-0 padding80y vce-row-content--top\" id=\"el-6aa740e7\" data-vce-do-apply=\"all el-6aa740e7\"><div class=\"vce-row-content\" data-vce-element-content=\"true\"><div class=\"vce-col vce-col--md-auto vce-col--xs-1 vce-col--xs-last vce-col--xs-first vce-col--sm-last vce-col--sm-first vce-col--md-last vce-col--lg-last vce-col--xl-last vce-col--md-first vce-col--lg-first vce-col--xl-first\" id=\"el-128ee715\"><div class=\"vce-col-inner\" data-vce-do-apply=\"border margin background  el-128ee715\"><div class=\"vce-col-content\" data-vce-element-content=\"true\" data-vce-do-apply=\"padding el-128ee715\"><div class=\"vce-text-block\"><div class=\"vce-text-block-wrapper vce\" id=\"el-19164053\" data-vce-do-apply=\"all el-19164053\"><h1 class=\"font35 bold\" style=\"text-align: center;\">Dr. Francis Tass\u00e9<\/h1><\/div><\/div><\/div><\/div><\/div><\/div><\/div><\/div><div class=\"vce-row-container\"><div class=\"vce-row vce-row--col-gap-0 padding139x  vce-row-content--top\" data-vce-full-width=\"true\" id=\"el-72402b4d\" data-vce-do-apply=\"all el-72402b4d\"><div class=\"vce-row-content\" data-vce-element-content=\"true\"><div class=\"vce-col vce-col--md-74p vce-col--xs-1 vce-col--xs-last vce-col--xs-first vce-col--sm-last vce-col--sm-first vce-col--md-first vce-col--lg-first vce-col--xl-first padding15yr\" id=\"el-c6826abe\"><div class=\"vce-col-inner\" data-vce-do-apply=\"border margin background  el-c6826abe\"><div class=\"vce-col-content\" data-vce-element-content=\"true\" data-vce-do-apply=\"padding el-c6826abe\"><div class=\"vce-text-block black  padding100b\"><div class=\"vce-text-block-wrapper vce\" id=\"el-0807fa33\" data-vce-do-apply=\"all el-0807fa33\"><p><span style=\"font-weight: 400;\">Clinique Poirier is proud to welcome Dr. Francis Tass\u00e9 to its team of professionals as a dental surgeon.<\/span><\/p><p><span style=\"font-weight: 400;\">After obtaining his doctorate in dental medicine from the University of Montreal in 2011, Dr. Tass\u00e9 completed two years of multidisciplinary residency training. The first was at Montefiore Medical Center and the second at Columbia University's New York Presbyterian Hospital in New York.<\/span><\/p><p><span style=\"font-weight: 400;\">Dr. Tass\u00e9 then completed a one-year internship in the Department of Oral and Maxillofacial Surgery at the Woodhull Medical and Mental Health Center affiliated with New York University.<\/span><\/p><p><span style=\"font-weight: 400;\">During his three years of residency in New York, Dr. Tass\u00e9 provided dental care in a hospital setting to patients with serious health problems. This allowed him to develop expertise in oral surgery, particularly in the extraction of wisdom teeth and the placement of implants.<\/span><\/p><p><span style=\"font-weight: 400;\">In addition, during his practice in New York, Dr. Tass\u00e9 completed a course in anesthesia, which allows him to offer his patients treatments under intravenous sedation or via tablets to promote relaxation and reduce discomfort.<\/span><\/p><p><span style=\"font-weight: 400;\">Passionate about topics related to surgery, implantology, and sedation dentistry (intravenous and oral), Dr. Tass\u00e9 is also a lecturer and trainer at the Acad\u00e9mie Dentaire Multidisciplinaire de Longueuil.<\/span><\/p><p><span style=\"font-weight: 400;\">We are pleased to introduce him to you!<\/span><\/p><\/div><\/div><\/div><\/div><\/div><div class=\"vce-col vce-col--md-26p vce-col--xs-1 vce-col--xs-last vce-col--xs-first vce-col--sm-last vce-col--sm-first vce-col--md-last vce-col--lg-last vce-col--xl-last padding15yl\" id=\"el-09a846f9\"><div class=\"vce-col-inner\" data-vce-do-apply=\"border margin background  el-09a846f9\"><div class=\"vce-content-background-container\"><\/div><div class=\"vce-col-content\" data-vce-element-content=\"true\" data-vce-do-apply=\"padding el-09a846f9\"><div class=\"vce-single-image-container fullwidthimg  vce-single-image--align-left\"><div class=\"vce vce-single-image-wrapper\" id=\"el-90632d19\" data-vce-do-apply=\"all el-90632d19\"><figure><div class=\"vce-single-image-figure-inner\" style=\"width: 350px;\"><div class=\"vce-single-image-inner vce-single-image--absolute\" style=\"width: 100%; padding-bottom: 140%;\"><img decoding=\"async\" class=\"vce-single-image\" src=\"https:\/\/www.cliniquepoirier.com\/wp-content\/uploads\/2022\/04\/Dentiste_Francis_Tasse_Nouveau.png\" data-img-src=\"https:\/\/www.cliniquepoirier.com\/wp-content\/uploads\/2022\/04\/Dentiste_Francis_Tasse_Nouveau.png\" data-attachment-id=\"2449\" alt=\"\" title=\"Dentiste_Francis_Tass\u00e9_Nouveau\"><\/div><\/div><figcaption hidden=\"\"><\/figcaption><\/figure><\/div><\/div><div class=\"vce-row-container\" data-vce-boxed-width=\"true\"><div class=\"vce-row vce-row--has-col-background vce-row--col-gap-0 vce-row-content--top\" id=\"el-99a5e4a6\" data-vce-do-apply=\"all el-99a5e4a6\"><div class=\"vce-row-content\" data-vce-element-content=\"true\"><div class=\"vce-col vce-element--has-background vce-col--md-auto vce-col--xs-1 vce-col--xs-last vce-col--xs-first vce-col--sm-last vce-col--sm-first vce-col--md-last vce-col--lg-last vce-col--xl-last vce-col--md-first vce-col--lg-first vce-col--xl-first\" id=\"el-3fe83ba2\"><div class=\"vce-col-inner\" data-vce-do-apply=\"border margin background  el-3fe83ba2\"><div class=\"vce-content-background-container\"><\/div><div class=\"vce-col-content\" data-vce-element-content=\"true\" data-vce-do-apply=\"padding el-3fe83ba2\"><div class=\"vce-text-block white padding48y padding27yl\"><div class=\"vce-text-block-wrapper vce\" id=\"el-b67f894d\" data-vce-do-apply=\"all el-b67f894d\"><p><img decoding=\"async\" class=\"alignnone size-full wp-image-290\" src=\"\/wp-content\/uploads\/2019\/08\/consultation-gratuite.png\" alt=\"consultation\" width=\"68\" height=\"82\"><\/p>\n<h3 class=\"uppercase font24 white\">FREE CONSULTATION<\/h3>\n<p class=\"white\">We would be happy to meet with you for a FREE consultation to help you see more clearly.<\/p>\n<\/div><\/div><\/div><\/div><\/div><\/div><\/div><\/div><\/div><\/div><\/div><\/div><\/div><\/div><div class=\"vce-row-container\" data-vce-boxed-width=\"true\"><div class=\"vce-row vce-element--has-background vce-row--col-gap-0 padding324x padding80yb margin45yt vce-row-equal-height vce-row-content--middle\" id=\"el-3b326752\" data-vce-do-apply=\"all el-3b326752\"><div class=\"vce-content-background-container\"><\/div><div class=\"vce-row-content\" data-vce-element-content=\"true\"><div class=\"vce-col vce-col--md-38p vce-col--xs-1 vce-col--xs-last vce-col--xs-first vce-col--sm-last vce-col--sm-first vce-col--md-first vce-col--lg-first vce-col--xl-first\" id=\"el-2ce7e739\"><div class=\"vce-col-inner\" data-vce-do-apply=\"border margin background  el-2ce7e739\"><div class=\"vce-col-content\" data-vce-element-content=\"true\" data-vce-do-apply=\"padding el-2ce7e739\"><div class=\"vce-text-block white paddingnl\"><div class=\"vce-text-block-wrapper vce\" id=\"el-6de4d3a9\" data-vce-do-apply=\"all el-6de4d3a9\"><h2 class=\"font24 bold\">Stay informed<\/h2>\n<p>Sign up for our <br>flyers newsletter to <br>find out what's happening<\/p>\n<\/div><\/div><\/div><\/div><\/div><div class=\"vce-col vce-col--md-62p vce-col--xs-1 vce-col--xs-last vce-col--xs-first vce-col--sm-last vce-col--sm-first vce-col--md-last vce-col--lg-last vce-col--xl-last\" id=\"el-98a009f6\"><div class=\"vce-col-inner\" data-vce-do-apply=\"border margin background  el-98a009f6\"><div class=\"vce-col-content\" data-vce-element-content=\"true\" data-vce-do-apply=\"padding el-98a009f6\"><div class=\"vce-shortcode\"><div class=\"vce-shortcode-wrapper vce\" id=\"el-04724623\" data-vce-do-apply=\"all el-04724623\"><script>(function() {\n\twindow.mc4wp = window.mc4wp || {\n\t\tlisteners: [],\n\t\tforms: {\n\t\t\ton: function(evt, cb) {\n\t\t\t\twindow.mc4wp.listeners.push(\n\t\t\t\t\t{\n\t\t\t\t\t\tevent   : evt,\n\t\t\t\t\t\tcallback: cb\n\t\t\t\t\t}\n\t\t\t\t);\n\t\t\t}\n\t\t}\n\t}\n})();\n<\/script><!-- Mailchimp for WordPress v4.12.0 - https:\/\/wordpress.org\/plugins\/mailchimp-for-wp\/ --><form id=\"mc4wp-form-1\" class=\"mc4wp-form mc4wp-form-4112\" method=\"post\" data-id=\"4112\" data-name=\"Stay Tuned\" ><div class=\"mc4wp-form-fields\"><div class=\"nlform\">    \n<input type=\"text\" name=\"FNAME\" placeholder=\"First Name\" class=\"nlprenom\">\n    <input type=\"text\" name=\"LNAME\" placeholder=\"Last Name\" class=\"nlnom\">\n\t<input type=\"email\" name=\"EMAIL\" placeholder=\"Email\" class=\"nlemail\" required=\"\">\n\n<div style=\"width:60%; float:left;\">\n    <label><input name=\"AGREE_TO_TERMS\" type=\"checkbox\" value=\"1\" class=\"nlchec\" required=\"\"><span>I wish to receive information from Clinique Poirier by email.<\/span><\/label>\n  \n<\/div>\n<div style=\"width:40%; float:left;\">\n<input type=\"submit\" class=\"btblue\" value=\"Subscribe\">\n  \n<\/div>\n<\/div><\/div><label style=\"display: none !important;\">Leave this field empty if you're human: <input type=\"text\" name=\"_mc4wp_honeypot\" value=\"\" tabindex=\"-1\" autocomplete=\"off\" \/><\/label><input type=\"hidden\" name=\"_mc4wp_timestamp\" value=\"1777906436\" \/><input type=\"hidden\" name=\"_mc4wp_form_id\" value=\"4112\" \/><input type=\"hidden\" name=\"_mc4wp_form_element_id\" value=\"mc4wp-form-1\" \/><div class=\"mc4wp-response\"><\/div><\/form><!-- \/ Mailchimp for WordPress Plugin --><\/div><\/div><\/div><\/div><\/div><\/div><\/div><\/div><div class=\"vce-row-container\" data-vce-boxed-width=\"true\"><div class=\"vce-row vce-row--col-gap-30 vce-row-content--top\" id=\"el-a62a77a4\" data-vce-do-apply=\"all el-a62a77a4\"><div class=\"vce-row-content\" data-vce-element-content=\"true\"><div class=\"vce-col\" id=\"el-c5ae0762\"><div class=\"vce-col-inner\" data-vce-do-apply=\"border margin background  el-c5ae0762\"><div class=\"vce-col-content\" data-vce-element-content=\"true\" data-vce-do-apply=\"padding el-c5ae0762\"><div class=\"vcv-row-control-wrapper\"><\/div><\/div><\/div><\/div><\/div><\/div><\/div>","protected":false},"excerpt":{"rendered":"<p>Dr. Francis Tass\u00e9Clinique Poirier is proud to welcome Dr. Francis Tass\u00e9 to its team of professionals as a dental surgeon.After obtaining his [&hellip;]<\/p>\n","protected":false},"author":1,"featured_media":4462,"parent":4128,"menu_order":0,"comment_status":"closed","ping_status":"closed","template":"","meta":{"footnotes":""},"class_list":["post-4131","page","type-page","status-publish","has-post-thumbnail","hentry"],"yoast_head":"<!-- This site is optimized with the Yoast SEO plugin v27.2 - https:\/\/yoast.com\/product\/yoast-seo-wordpress\/ -->\n<title>Dr. Francis Tass\u00e9, chirurgien dentiste - Clinique Poirier Centre Dentaire<\/title>\n<meta name=\"robots\" content=\"index, follow, max-snippet:-1, max-image-preview:large, max-video-preview:-1\" \/>\n<link rel=\"canonical\" href=\"https:\/\/www.cliniquepoirier.com\/en\/our-team\/dr-francis-tasse\/\" \/>\n<meta property=\"og:locale\" content=\"en_US\" \/>\n<meta property=\"og:type\" content=\"article\" \/>\n<meta property=\"og:title\" content=\"Dr. Francis Tass\u00e9, chirurgien dentiste - Clinique Poirier Centre Dentaire\" \/>\n<meta property=\"og:description\" content=\"Dr. Francis Tass\u00e9Clinique Poirier is proud to welcome Dr. Francis Tass\u00e9 to its team of professionals as a dental surgeon.After obtaining his [&hellip;]\" \/>\n<meta property=\"og:url\" content=\"https:\/\/www.cliniquepoirier.com\/en\/our-team\/dr-francis-tasse\/\" \/>\n<meta property=\"article:modified_time\" content=\"2025-09-23T09:08:09+00:00\" \/>\n<meta property=\"og:image\" content=\"https:\/\/www.cliniquepoirier.com\/wp-content\/uploads\/2019\/09\/notre-equipe-header.jpg\" \/>\n\t<meta property=\"og:image:width\" content=\"1366\" \/>\n\t<meta property=\"og:image:height\" content=\"450\" \/>\n\t<meta property=\"og:image:type\" content=\"image\/jpeg\" \/>\n<meta name=\"twitter:card\" content=\"summary_large_image\" \/>\n<meta name=\"twitter:label1\" content=\"Est. reading time\" \/>\n\t<meta name=\"twitter:data1\" content=\"3 minutes\" \/>\n<script type=\"application\/ld+json\" class=\"yoast-schema-graph\">{\"@context\":\"https:\/\/schema.org\",\"@graph\":[{\"@type\":\"WebPage\",\"@id\":\"https:\/\/www.cliniquepoirier.com\/en\/our-team\/dr-francis-tasse\/\",\"url\":\"https:\/\/www.cliniquepoirier.com\/en\/our-team\/dr-francis-tasse\/\",\"name\":\"Dr. Francis Tass\u00e9, chirurgien dentiste - Clinique Poirier Centre Dentaire\",\"isPartOf\":{\"@id\":\"https:\/\/www.cliniquepoirier.com\/en\/#website\"},\"primaryImageOfPage\":{\"@id\":\"https:\/\/www.cliniquepoirier.com\/en\/our-team\/dr-francis-tasse\/#primaryimage\"},\"image\":{\"@id\":\"https:\/\/www.cliniquepoirier.com\/en\/our-team\/dr-francis-tasse\/#primaryimage\"},\"thumbnailUrl\":\"https:\/\/www.cliniquepoirier.com\/wp-content\/uploads\/2019\/09\/notre-equipe-header.jpg\",\"datePublished\":\"2019-10-01T12:47:05+00:00\",\"dateModified\":\"2025-09-23T09:08:09+00:00\",\"breadcrumb\":{\"@id\":\"https:\/\/www.cliniquepoirier.com\/en\/our-team\/dr-francis-tasse\/#breadcrumb\"},\"inLanguage\":\"en-CA\",\"potentialAction\":[{\"@type\":\"ReadAction\",\"target\":[\"https:\/\/www.cliniquepoirier.com\/en\/our-team\/dr-francis-tasse\/\"]}]},{\"@type\":\"ImageObject\",\"inLanguage\":\"en-CA\",\"@id\":\"https:\/\/www.cliniquepoirier.com\/en\/our-team\/dr-francis-tasse\/#primaryimage\",\"url\":\"https:\/\/www.cliniquepoirier.com\/wp-content\/uploads\/2019\/09\/notre-equipe-header.jpg\",\"contentUrl\":\"https:\/\/www.cliniquepoirier.com\/wp-content\/uploads\/2019\/09\/notre-equipe-header.jpg\",\"width\":1366,\"height\":450,\"caption\":\"notre \u00e9quipe\"},{\"@type\":\"BreadcrumbList\",\"@id\":\"https:\/\/www.cliniquepoirier.com\/en\/our-team\/dr-francis-tasse\/#breadcrumb\",\"itemListElement\":[{\"@type\":\"ListItem\",\"position\":1,\"name\":\"Accueil\",\"item\":\"https:\/\/www.cliniquepoirier.com\/en\/\"},{\"@type\":\"ListItem\",\"position\":2,\"name\":\"Our Team\",\"item\":\"https:\/\/www.cliniquepoirier.com\/en\/our-team\/\"},{\"@type\":\"ListItem\",\"position\":3,\"name\":\"Dr. Francis Tass\u00e9\"}]},{\"@type\":\"WebSite\",\"@id\":\"https:\/\/www.cliniquepoirier.com\/en\/#website\",\"url\":\"https:\/\/www.cliniquepoirier.com\/en\/\",\"name\":\"\",\"description\":\"\",\"potentialAction\":[{\"@type\":\"SearchAction\",\"target\":{\"@type\":\"EntryPoint\",\"urlTemplate\":\"https:\/\/www.cliniquepoirier.com\/en\/?s={search_term_string}\"},\"query-input\":{\"@type\":\"PropertyValueSpecification\",\"valueRequired\":true,\"valueName\":\"search_term_string\"}}],\"inLanguage\":\"en-CA\"}]}<\/script>\n<!-- \/ Yoast SEO plugin. -->","yoast_head_json":{"title":"Dr. Francis Tass\u00e9, chirurgien dentiste - Clinique Poirier Centre Dentaire","robots":{"index":"index","follow":"follow","max-snippet":"max-snippet:-1","max-image-preview":"max-image-preview:large","max-video-preview":"max-video-preview:-1"},"canonical":"https:\/\/www.cliniquepoirier.com\/en\/our-team\/dr-francis-tasse\/","og_locale":"en_US","og_type":"article","og_title":"Dr. Francis Tass\u00e9, chirurgien dentiste - Clinique Poirier Centre Dentaire","og_description":"Dr. Francis Tass\u00e9Clinique Poirier is proud to welcome Dr. Francis Tass\u00e9 to its team of professionals as a dental surgeon.After obtaining his [&hellip;]","og_url":"https:\/\/www.cliniquepoirier.com\/en\/our-team\/dr-francis-tasse\/","article_modified_time":"2025-09-23T09:08:09+00:00","og_image":[{"width":1366,"height":450,"url":"https:\/\/www.cliniquepoirier.com\/wp-content\/uploads\/2019\/09\/notre-equipe-header.jpg","type":"image\/jpeg"}],"twitter_card":"summary_large_image","twitter_misc":{"Est. reading time":"3 minutes"},"schema":{"@context":"https:\/\/schema.org","@graph":[{"@type":"WebPage","@id":"https:\/\/www.cliniquepoirier.com\/en\/our-team\/dr-francis-tasse\/","url":"https:\/\/www.cliniquepoirier.com\/en\/our-team\/dr-francis-tasse\/","name":"Dr. Francis Tass\u00e9, chirurgien dentiste - Clinique Poirier Centre Dentaire","isPartOf":{"@id":"https:\/\/www.cliniquepoirier.com\/en\/#website"},"primaryImageOfPage":{"@id":"https:\/\/www.cliniquepoirier.com\/en\/our-team\/dr-francis-tasse\/#primaryimage"},"image":{"@id":"https:\/\/www.cliniquepoirier.com\/en\/our-team\/dr-francis-tasse\/#primaryimage"},"thumbnailUrl":"https:\/\/www.cliniquepoirier.com\/wp-content\/uploads\/2019\/09\/notre-equipe-header.jpg","datePublished":"2019-10-01T12:47:05+00:00","dateModified":"2025-09-23T09:08:09+00:00","breadcrumb":{"@id":"https:\/\/www.cliniquepoirier.com\/en\/our-team\/dr-francis-tasse\/#breadcrumb"},"inLanguage":"en-CA","potentialAction":[{"@type":"ReadAction","target":["https:\/\/www.cliniquepoirier.com\/en\/our-team\/dr-francis-tasse\/"]}]},{"@type":"ImageObject","inLanguage":"en-CA","@id":"https:\/\/www.cliniquepoirier.com\/en\/our-team\/dr-francis-tasse\/#primaryimage","url":"https:\/\/www.cliniquepoirier.com\/wp-content\/uploads\/2019\/09\/notre-equipe-header.jpg","contentUrl":"https:\/\/www.cliniquepoirier.com\/wp-content\/uploads\/2019\/09\/notre-equipe-header.jpg","width":1366,"height":450,"caption":"notre \u00e9quipe"},{"@type":"BreadcrumbList","@id":"https:\/\/www.cliniquepoirier.com\/en\/our-team\/dr-francis-tasse\/#breadcrumb","itemListElement":[{"@type":"ListItem","position":1,"name":"Accueil","item":"https:\/\/www.cliniquepoirier.com\/en\/"},{"@type":"ListItem","position":2,"name":"Our Team","item":"https:\/\/www.cliniquepoirier.com\/en\/our-team\/"},{"@type":"ListItem","position":3,"name":"Dr. Francis Tass\u00e9"}]},{"@type":"WebSite","@id":"https:\/\/www.cliniquepoirier.com\/en\/#website","url":"https:\/\/www.cliniquepoirier.com\/en\/","name":"","description":"","potentialAction":[{"@type":"SearchAction","target":{"@type":"EntryPoint","urlTemplate":"https:\/\/www.cliniquepoirier.com\/en\/?s={search_term_string}"},"query-input":{"@type":"PropertyValueSpecification","valueRequired":true,"valueName":"search_term_string"}}],"inLanguage":"en-CA"}]}},"_links":{"self":[{"href":"https:\/\/www.cliniquepoirier.com\/en\/wp-json\/wp\/v2\/pages\/4131","targetHints":{"allow":["GET"]}}],"collection":[{"href":"https:\/\/www.cliniquepoirier.com\/en\/wp-json\/wp\/v2\/pages"}],"about":[{"href":"https:\/\/www.cliniquepoirier.com\/en\/wp-json\/wp\/v2\/types\/page"}],"author":[{"embeddable":true,"href":"https:\/\/www.cliniquepoirier.com\/en\/wp-json\/wp\/v2\/users\/1"}],"replies":[{"embeddable":true,"href":"https:\/\/www.cliniquepoirier.com\/en\/wp-json\/wp\/v2\/comments?post=4131"}],"version-history":[{"count":2,"href":"https:\/\/www.cliniquepoirier.com\/en\/wp-json\/wp\/v2\/pages\/4131\/revisions"}],"predecessor-version":[{"id":4133,"href":"https:\/\/www.cliniquepoirier.com\/en\/wp-json\/wp\/v2\/pages\/4131\/revisions\/4133"}],"up":[{"embeddable":true,"href":"https:\/\/www.cliniquepoirier.com\/en\/wp-json\/wp\/v2\/pages\/4128"}],"wp:featuredmedia":[{"embeddable":true,"href":"https:\/\/www.cliniquepoirier.com\/en\/wp-json\/wp\/v2\/media\/4462"}],"wp:attachment":[{"href":"https:\/\/www.cliniquepoirier.com\/en\/wp-json\/wp\/v2\/media?parent=4131"}],"curies":[{"name":"wp","href":"https:\/\/api.w.org\/{rel}","templated":true}]}}