{"id":4128,"date":"2019-08-30T13:25:37","date_gmt":"2019-08-30T13:25:37","guid":{"rendered":"https:\/\/www.cliniquepoirier.com\/notre-equipe\/"},"modified":"2025-11-21T10:31:12","modified_gmt":"2025-11-21T10:31:12","slug":"our-team","status":"publish","type":"page","link":"https:\/\/www.cliniquepoirier.com\/en\/our-team\/","title":{"rendered":"Our Team"},"content":{"rendered":"<div class=\"vce-row-container\"><div class=\"vce-row vce-row--col-gap-0 vce-row-no-paddings vce-row-content--middle\" data-vce-full-width=\"true\" data-vce-stretch-content=\"true\" id=\"el-908c647e\" data-vce-do-apply=\"all el-908c647e\"><div class=\"vce-row-content\" data-vce-element-content=\"true\"><div class=\"vce-col vce-col--xs-100p vce-col--xs-visible vce-col--xs-last vce-col--xs-first vce-col--sm-100p vce-col--sm-visible vce-col--sm-last vce-col--sm-first vce-col--md-100p vce-col--md-visible vce-col--md-last vce-col--md-first vce-col--lg-100p vce-col--lg-visible vce-col--lg-last vce-col--lg-first vce-col--xl-100p vce-col--xl-visible vce-col--xl-last vce-col--xl-first\" id=\"el-85a113fb\"><div class=\"vce-col-inner\" data-vce-do-apply=\"border margin background  el-85a113fb\"><div class=\"vce-col-content\" data-vce-element-content=\"true\" data-vce-do-apply=\"padding el-85a113fb\"><div class=\"vce-single-image-container header-home fullwidthimg vce-single-image--align-left\"><div class=\"vce vce-single-image-wrapper\" id=\"el-8dd9115d\" data-vce-do-apply=\"all el-8dd9115d\"><figure><div class=\"vce-single-image-figure-inner\" style=\"width: 1366px;\"><div class=\"vce-single-image-inner vce-single-image--absolute\" style=\"width: 100%; padding-bottom: 32.9429%;\"><img decoding=\"async\" class=\"vce-single-image\" src=\"https:\/\/www.cliniquepoirier.com\/wp-content\/uploads\/2019\/09\/notre-equipe-header.jpg\" data-img-src=\"https:\/\/www.cliniquepoirier.com\/wp-content\/uploads\/2019\/09\/notre-equipe-header.jpg\" data-attachment-id=\"1117\" alt=\"notre \u00e9quipe\" title=\"notre-equipe-header\"><\/div><\/div><figcaption hidden=\"\"><\/figcaption><\/figure><\/div><\/div><div class=\"vce-text-block breadcrumbsourire\"><div class=\"vce-text-block-wrapper vce\" id=\"el-79451701\" data-vce-do-apply=\"all el-79451701\"><p><span><span><a href=\"https:\/\/www.cliniquepoirier.com\/en\/\">Accueil<\/a><\/span><\/span><\/p><\/div><\/div><\/div><\/div><\/div><\/div><\/div><\/div><div class=\"vce-row-container\" data-vce-boxed-width=\"true\"><div class=\"vce-row vce-row--col-gap-0 padding75yt  padding20yb vce-row-content--top\" id=\"el-6358cbd7\" data-vce-do-apply=\"all el-6358cbd7\"><div class=\"vce-row-content\" data-vce-element-content=\"true\"><div class=\"vce-col vce-col--md-auto vce-col--xs-1 vce-col--xs-last vce-col--xs-first vce-col--sm-last vce-col--sm-first vce-col--md-last vce-col--lg-last vce-col--xl-last vce-col--md-first vce-col--lg-first vce-col--xl-first\" id=\"el-e48233ed\"><div class=\"vce-col-inner\" data-vce-do-apply=\"border margin background  el-e48233ed\"><div class=\"vce-col-content\" data-vce-element-content=\"true\" data-vce-do-apply=\"padding el-e48233ed\"><div class=\"vce-text-block\"><div class=\"vce-text-block-wrapper vce\" id=\"el-64e6bc05\" data-vce-do-apply=\"all el-64e6bc05\"><h1 class=\"font35 bold\" style=\"text-align: center;\">ATTENTIVE AND QUALIFIED PROFESSIONALS<\/h1>\n<\/div><\/div><\/div><\/div><\/div><\/div><\/div><\/div><div class=\"vce-row-container\" data-vce-boxed-width=\"true\"><div class=\"vce-row vce-row--col-gap-0 padding231x padding20yb vce-row-content--top\" id=\"el-0d709255\" data-vce-do-apply=\"all el-0d709255\"><div class=\"vce-row-content\" data-vce-element-content=\"true\"><div class=\"vce-col vce-col--md-auto vce-col--xs-1 vce-col--xs-last vce-col--xs-first vce-col--sm-last vce-col--sm-first vce-col--md-last vce-col--lg-last vce-col--xl-last vce-col--md-first vce-col--lg-first vce-col--xl-first\" id=\"el-9aefdf6f\"><div class=\"vce-col-inner\" data-vce-do-apply=\"border margin background  el-9aefdf6f\"><div class=\"vce-col-content\" data-vce-element-content=\"true\" data-vce-do-apply=\"padding el-9aefdf6f\"><div class=\"vce-text-block\"><div class=\"vce-text-block-wrapper vce\" id=\"el-6a435da4\" data-vce-do-apply=\"all el-6a435da4\"><p style=\"text-align: center;\">Providing quality care tailored to the specific needs of each of our patients is our team's top priority. Our professionals all take continuing education courses and training on a regular basis. This ensures that they are always up to date on the latest dental technologies and practices and can advise you on the highest quality services.<\/p>\n<\/div><\/div><\/div><\/div><\/div><\/div><\/div><\/div><div class=\"vce-row-container\" data-vce-boxed-width=\"true\"><div class=\"vce-row vce-row--col-gap-40 padding153x vce-row-content--top\" id=\"el-9bc41117\" data-vce-do-apply=\"all el-9bc41117\"><div class=\"vce-row-content\" data-vce-element-content=\"true\"><div class=\"vce-col vce-col--md-auto vce-col--xs-1 vce-col--xs-last vce-col--xs-first vce-col--sm-last vce-col--sm-first vce-col--md-first vce-col--lg-first vce-col--xl-first\" id=\"el-81daabef\"><div class=\"vce-col-inner\" data-vce-do-apply=\"border margin background  el-81daabef\"><div class=\"vce-col-content\" data-vce-element-content=\"true\" data-vce-do-apply=\"padding el-81daabef\"><div class=\"vce-single-image-container fullwidthimg vce-single-image--align-left\"><div class=\"vce vce-single-image-wrapper\" id=\"el-6bd18aa5\" data-vce-do-apply=\"all el-6bd18aa5\"><figure><div class=\"vce-single-image-figure-inner\" style=\"width: 236px;\"><a href=\"https:\/\/www.cliniquepoirier.com\/en\/our-team\/dr-nicholas-poirier\/\" title=\"\" class=\"vce-single-image-inner vce-single-image--absolute\" style=\"width: 100%; padding-bottom: 129.237%;\"><img decoding=\"async\" class=\"vce-single-image\" src=\"https:\/\/www.cliniquepoirier.com\/wp-content\/uploads\/2019\/09\/Dr-Nicholas-Poirier-1.png\" data-img-src=\"https:\/\/www.cliniquepoirier.com\/wp-content\/uploads\/2019\/09\/Dr-Nicholas-Poirier-1.png\" data-attachment-id=\"1191\" alt=\"Dr-Nicholas-Poirier\" title=\"Dr-Nicholas-Poirier\"><\/a><\/div><figcaption hidden=\"\"><\/figcaption><\/figure><\/div><\/div><div class=\"vce-text-block\"><div class=\"vce-text-block-wrapper vce\" id=\"el-b17aaf51\" data-vce-do-apply=\"all el-b17aaf51\"><h2 class=\"font18 bold\" style=\"text-align: center;\"><a class=\"nounderline black\" href=\"https:\/\/www.cliniquepoirier.com\/en\/our-team\/dr-nicholas-poirier\/\">Dr Nicholas Poirier<\/a><\/h2><\/div><\/div><\/div><\/div><\/div><div class=\"vce-col vce-col--md-auto vce-col--xs-1 vce-col--xs-last vce-col--xs-first vce-col--sm-last vce-col--sm-first\" id=\"el-68bd7946\"><div class=\"vce-col-inner\" data-vce-do-apply=\"border margin background  el-68bd7946\"><div class=\"vce-col-content\" data-vce-element-content=\"true\" data-vce-do-apply=\"padding el-68bd7946\"><div class=\"vce-single-image-container fullwidthimg vce-single-image--align-left\"><div class=\"vce vce-single-image-wrapper\" id=\"el-41139644\" data-vce-do-apply=\"all el-41139644\"><figure><div class=\"vce-single-image-figure-inner\" style=\"width: 229px;\"><a href=\"https:\/\/www.cliniquepoirier.com\/en\/our-team\/dr-isabelle-st-amour\/\" title=\"\" class=\"vce-single-image-inner vce-single-image--absolute\" style=\"width: 100%; padding-bottom: 129.694%;\"><img decoding=\"async\" class=\"vce-single-image\" src=\"https:\/\/www.cliniquepoirier.com\/wp-content\/uploads\/2019\/08\/Dre_Isabelle_St-Amour.png\" data-img-src=\"https:\/\/www.cliniquepoirier.com\/wp-content\/uploads\/2019\/08\/Dre_Isabelle_St-Amour.png\" data-attachment-id=\"510\" alt=\"Dre_Isabelle_St-Amour\" title=\"Dre_Isabelle_St-Amour\"><\/a><\/div><figcaption hidden=\"\"><\/figcaption><\/figure><\/div><\/div><div class=\"vce-text-block\"><div class=\"vce-text-block-wrapper vce\" id=\"el-5bed4881\" data-vce-do-apply=\"all el-5bed4881\"><h2 class=\"font18 bold\" style=\"text-align: center;\"><a class=\"nounderline black\" href=\"https:\/\/www.cliniquepoirier.com\/en\/our-team\/dr-isabelle-st-amour\/\">Dr Isabelle St-Amour<\/a><\/h2><\/div><\/div><\/div><\/div><\/div><div class=\"vce-col vce-col--md-auto vce-col--xs-1 vce-col--xs-last vce-col--xs-first vce-col--sm-last vce-col--sm-first\" id=\"el-f4e1a96b\"><div class=\"vce-col-inner\" data-vce-do-apply=\"border margin background  el-f4e1a96b\"><div class=\"vce-col-content\" data-vce-element-content=\"true\" data-vce-do-apply=\"padding el-f4e1a96b\"><div class=\"vce-single-image-container fullwidthimg vce-single-image--align-left\"><div class=\"vce vce-single-image-wrapper\" id=\"el-3ca2bf40\" data-vce-do-apply=\"all el-3ca2bf40\"><figure><div class=\"vce-single-image-figure-inner\" style=\"width: 236px;\"><a href=\"https:\/\/www.cliniquepoirier.com\/en\/our-team\/dr-emilie-cote\/\" title=\"\" class=\"vce-single-image-inner vce-single-image--absolute\" style=\"width: 100%; padding-bottom: 129.237%;\"><img decoding=\"async\" class=\"vce-single-image\" src=\"https:\/\/www.cliniquepoirier.com\/wp-content\/uploads\/2020\/11\/emilie.png\" data-img-src=\"https:\/\/www.cliniquepoirier.com\/wp-content\/uploads\/2020\/11\/emilie.png\" data-attachment-id=\"1924\" alt=\"\" title=\"emilie\"><\/a><\/div><figcaption hidden=\"\"><\/figcaption><\/figure><\/div><\/div><div class=\"vce-text-block\"><div class=\"vce-text-block-wrapper vce\" id=\"el-34033829\" data-vce-do-apply=\"all el-34033829\"><h2 class=\"font18 bold\" style=\"text-align: center;\"><a class=\"nounderline black\" href=\"https:\/\/www.cliniquepoirier.com\/en\/our-team\/dr-emilie-cote\/\">Dr \u00c9milie C\u00f4t\u00e9<\/a><\/h2><\/div><\/div><\/div><\/div><\/div><div class=\"vce-col vce-col--md-auto vce-col--xs-1 vce-col--xs-last vce-col--xs-first vce-col--sm-last vce-col--sm-first vce-col--md-last vce-col--lg-last vce-col--xl-last\" id=\"el-47bf3f66\"><div class=\"vce-col-inner\" data-vce-do-apply=\"border margin background  el-47bf3f66\"><div class=\"vce-col-content\" data-vce-element-content=\"true\" data-vce-do-apply=\"padding el-47bf3f66\"><div class=\"vce-single-image-container fullwidthimg vce-single-image--align-left\"><div class=\"vce vce-single-image-wrapper\" id=\"el-fe71fecc\" data-vce-do-apply=\"all el-fe71fecc\"><figure><div class=\"vce-single-image-figure-inner\" style=\"width: 236px;\"><a href=\"https:\/\/www.cliniquepoirier.com\/en\/our-team\/dr-francis-tasse\/\" title=\"\" class=\"vce-single-image-inner vce-single-image--absolute\" style=\"width: 100%; padding-bottom: 129.237%;\"><img decoding=\"async\" class=\"vce-single-image\" src=\"https:\/\/www.cliniquepoirier.com\/wp-content\/uploads\/2022\/04\/Dentiste_Francis_Tasse.png\" data-img-src=\"https:\/\/www.cliniquepoirier.com\/wp-content\/uploads\/2022\/04\/Dentiste_Francis_Tasse.png\" data-attachment-id=\"2445\" alt=\"\" title=\"Dentiste_Francis_Tass\u00e9\"><\/a><\/div><figcaption hidden=\"\"><\/figcaption><\/figure><\/div><\/div><div class=\"vce-text-block\"><div class=\"vce-text-block-wrapper vce\" id=\"el-45f3989b\" data-vce-do-apply=\"all el-45f3989b\"><h2 class=\"font18 bold\" style=\"text-align: center;\"><a class=\"nounderline black\" href=\"https:\/\/www.cliniquepoirier.com\/en\/our-team\/dr-francis-tasse\/\">Dr Francis Tass\u00e9<\/a><\/h2><\/div><\/div><\/div><\/div><\/div><\/div><\/div><\/div><div class=\"vce-row-container\" data-vce-boxed-width=\"true\"><div class=\"vce-row vce-row--col-gap-40 padding153x padding45yt vce-row-content--top\" id=\"el-6b1ee0d3\" data-vce-do-apply=\"all el-6b1ee0d3\"><div class=\"vce-row-content\" data-vce-element-content=\"true\"><div class=\"vce-col vce-col--md-auto vce-col--xs-1 vce-col--xs-last vce-col--xs-first vce-col--sm-last vce-col--sm-first vce-col--md-first vce-col--lg-first vce-col--xl-first\" id=\"el-40f13bb5\"><div class=\"vce-col-inner\" data-vce-do-apply=\"border margin background  el-40f13bb5\"><div class=\"vce-col-content\" data-vce-element-content=\"true\" data-vce-do-apply=\"padding el-40f13bb5\"><div class=\"vce-single-image-container fullwidthimg vce-single-image--align-left\"><div class=\"vce vce-single-image-wrapper\" id=\"el-fe89c7ec\" data-vce-do-apply=\"all el-fe89c7ec\"><figure><div class=\"vce-single-image-figure-inner\" style=\"width: 236px;\"><a href=\"https:\/\/www.cliniquepoirier.com\/en\/our-team\/dr-stephanie-bellefeuille\/\" title=\"\" class=\"vce-single-image-inner vce-single-image--absolute\" style=\"width: 100%; padding-bottom: 129.237%;\"><img decoding=\"async\" class=\"vce-single-image\" src=\"https:\/\/www.cliniquepoirier.com\/wp-content\/uploads\/2025\/11\/Dre-Stephanie-Bellefeuille-2.jpg\" data-img-src=\"https:\/\/www.cliniquepoirier.com\/wp-content\/uploads\/2025\/11\/Dre-Stephanie-Bellefeuille-2.jpg\" data-attachment-id=\"4471\" alt=\"Dr. St\u00e9phanie Bellefeuille\" title=\"Dr. St\u00e9phanie Bellefeuille\"><\/a><\/div><figcaption hidden=\"\"><\/figcaption><\/figure><\/div><\/div><div class=\"vce-text-block\"><div class=\"vce-text-block-wrapper vce\" id=\"el-4396cef7\" data-vce-do-apply=\"all el-4396cef7\"><h2 class=\"font18 bold\" style=\"text-align: center;\"><a class=\"nounderline black\" href=\"https:\/\/www.cliniquepoirier.com\/en\/our-team\/dr-stephanie-bellefeuille\/\">Dr St\u00e9phanie Bellefeuille<\/a><\/h2>\n<\/div><\/div><\/div><\/div><\/div><div class=\"vce-col vce-col--md-auto vce-col--xs-1 vce-col--xs-last vce-col--xs-first vce-col--sm-last vce-col--sm-first\" id=\"el-5625a0bb\"><div class=\"vce-col-inner\" data-vce-do-apply=\"border margin background  el-5625a0bb\"><div class=\"vce-col-content\" data-vce-element-content=\"true\" data-vce-do-apply=\"padding el-5625a0bb\"><div class=\"vcv-row-control-wrapper\"><\/div><\/div><\/div><\/div><div class=\"vce-col vce-col--md-auto vce-col--xs-1 vce-col--xs-last vce-col--xs-first vce-col--sm-last vce-col--sm-first\" id=\"el-fd5b16e5\"><div class=\"vce-col-inner\" data-vce-do-apply=\"border margin background  el-fd5b16e5\"><div class=\"vce-col-content\" data-vce-element-content=\"true\" data-vce-do-apply=\"padding el-fd5b16e5\"><div class=\"vcv-row-control-wrapper\"><\/div><\/div><\/div><\/div><div class=\"vce-col vce-col--md-auto vce-col--xs-1 vce-col--xs-last vce-col--xs-first vce-col--sm-last vce-col--sm-first vce-col--md-last vce-col--lg-last vce-col--xl-last\" id=\"el-a4a78e41\"><div class=\"vce-col-inner\" data-vce-do-apply=\"border margin background  el-a4a78e41\"><div class=\"vce-col-content\" data-vce-element-content=\"true\" data-vce-do-apply=\"padding el-a4a78e41\"><div class=\"vcv-row-control-wrapper\"><\/div><\/div><\/div><\/div><\/div><\/div><\/div><div class=\"vce-row-container\" data-vce-boxed-width=\"true\"><div class=\"vce-row vce-element--has-background vce-row--col-gap-0 padding324x padding80yb vce-row-equal-height vce-row-content--middle\" id=\"el-673564eb\" data-vce-do-apply=\"all el-673564eb\"><div class=\"vce-content-background-container\"><\/div><div class=\"vce-row-content\" data-vce-element-content=\"true\"><div class=\"vce-col vce-col--md-38p vce-col--xs-1 vce-col--xs-last vce-col--xs-first vce-col--sm-last vce-col--sm-first vce-col--md-first vce-col--lg-first vce-col--xl-first\" id=\"el-489d7f9d\"><div class=\"vce-col-inner\" data-vce-do-apply=\"border margin background  el-489d7f9d\"><div class=\"vce-col-content\" data-vce-element-content=\"true\" data-vce-do-apply=\"padding el-489d7f9d\"><div class=\"vce-text-block white paddingnl\"><div class=\"vce-text-block-wrapper vce\" id=\"el-52e575a6\" data-vce-do-apply=\"all el-52e575a6\"><h2 class=\"font24 bold\">Stay informed<\/h2>\n<p>Sign up for our <br>flyers newsletter to <br>find out what's happening<\/p>\n<\/div><\/div><\/div><\/div><\/div><div class=\"vce-col vce-col--md-62p vce-col--xs-1 vce-col--xs-last vce-col--xs-first vce-col--sm-last vce-col--sm-first vce-col--md-last vce-col--lg-last vce-col--xl-last\" id=\"el-bf7219e7\"><div class=\"vce-col-inner\" data-vce-do-apply=\"border margin background  el-bf7219e7\"><div class=\"vce-col-content\" data-vce-element-content=\"true\" data-vce-do-apply=\"padding el-bf7219e7\"><div class=\"vce-shortcode\"><div class=\"vce-shortcode-wrapper vce\" id=\"el-165b5fca\" data-vce-do-apply=\"all el-165b5fca\"><script>(function() {\n\twindow.mc4wp = window.mc4wp || {\n\t\tlisteners: [],\n\t\tforms: {\n\t\t\ton: function(evt, cb) {\n\t\t\t\twindow.mc4wp.listeners.push(\n\t\t\t\t\t{\n\t\t\t\t\t\tevent   : evt,\n\t\t\t\t\t\tcallback: cb\n\t\t\t\t\t}\n\t\t\t\t);\n\t\t\t}\n\t\t}\n\t}\n})();\n<\/script><!-- Mailchimp for WordPress v4.12.0 - https:\/\/wordpress.org\/plugins\/mailchimp-for-wp\/ --><form id=\"mc4wp-form-1\" class=\"mc4wp-form mc4wp-form-4112\" method=\"post\" data-id=\"4112\" data-name=\"Stay Tuned\" ><div class=\"mc4wp-form-fields\"><div class=\"nlform\">    \n<input type=\"text\" name=\"FNAME\" placeholder=\"First Name\" class=\"nlprenom\">\n    <input type=\"text\" name=\"LNAME\" placeholder=\"Last Name\" class=\"nlnom\">\n\t<input type=\"email\" name=\"EMAIL\" placeholder=\"Email\" class=\"nlemail\" required=\"\">\n\n<div style=\"width:60%; float:left;\">\n    <label><input name=\"AGREE_TO_TERMS\" type=\"checkbox\" value=\"1\" class=\"nlchec\" required=\"\"><span>I wish to receive information from Clinique Poirier by email.<\/span><\/label>\n  \n<\/div>\n<div style=\"width:40%; float:left;\">\n<input type=\"submit\" class=\"btblue\" value=\"Subscribe\">\n  \n<\/div>\n<\/div><\/div><label style=\"display: none !important;\">Leave this field empty if you're human: <input type=\"text\" name=\"_mc4wp_honeypot\" value=\"\" tabindex=\"-1\" autocomplete=\"off\" \/><\/label><input type=\"hidden\" name=\"_mc4wp_timestamp\" value=\"1777905333\" \/><input type=\"hidden\" name=\"_mc4wp_form_id\" value=\"4112\" \/><input type=\"hidden\" name=\"_mc4wp_form_element_id\" value=\"mc4wp-form-1\" \/><div class=\"mc4wp-response\"><\/div><\/form><!-- \/ Mailchimp for WordPress Plugin --><\/div><\/div><\/div><\/div><\/div><\/div><\/div><\/div><div class=\"vce-row-container\" data-vce-boxed-width=\"true\"><div class=\"vce-row vce-row--col-gap-30 vce-row-content--top\" id=\"el-b48ccec9\" data-vce-do-apply=\"all el-b48ccec9\"><div class=\"vce-row-content\" data-vce-element-content=\"true\"><div class=\"vce-col\" id=\"el-03a5117a\"><div class=\"vce-col-inner\" data-vce-do-apply=\"border margin background  el-03a5117a\"><div class=\"vce-col-content\" data-vce-element-content=\"true\" data-vce-do-apply=\"padding el-03a5117a\"><div class=\"vcv-row-control-wrapper\"><\/div><\/div><\/div><\/div><\/div><\/div><\/div>","protected":false},"excerpt":{"rendered":"<p>ATTENTIVE AND QUALIFIED PROFESSIONALS Providing quality care tailored to the specific needs of each of our patients is our team&#8217;s top priority. [&hellip;]<\/p>\n","protected":false},"author":1,"featured_media":4462,"parent":0,"menu_order":0,"comment_status":"closed","ping_status":"closed","template":"","meta":{"footnotes":""},"class_list":["post-4128","page","type-page","status-publish","has-post-thumbnail","hentry"],"yoast_head":"<!-- This site is optimized with the Yoast SEO plugin v27.2 - https:\/\/yoast.com\/product\/yoast-seo-wordpress\/ -->\n<title>Our Team - Clinique Poirier Centre Dentaire<\/title>\n<meta name=\"robots\" content=\"index, follow, max-snippet:-1, max-image-preview:large, max-video-preview:-1\" \/>\n<link rel=\"canonical\" href=\"https:\/\/www.cliniquepoirier.com\/en\/our-team\/\" \/>\n<meta property=\"og:locale\" content=\"en_US\" \/>\n<meta property=\"og:type\" content=\"article\" \/>\n<meta property=\"og:title\" content=\"Our Team - Clinique Poirier Centre Dentaire\" \/>\n<meta property=\"og:description\" content=\"ATTENTIVE AND QUALIFIED PROFESSIONALS Providing quality care tailored to the specific needs of each of our patients is our team&#039;s top priority. [&hellip;]\" \/>\n<meta property=\"og:url\" content=\"https:\/\/www.cliniquepoirier.com\/en\/our-team\/\" \/>\n<meta property=\"article:modified_time\" content=\"2025-11-21T10:31:12+00:00\" \/>\n<meta property=\"og:image\" content=\"https:\/\/www.cliniquepoirier.com\/wp-content\/uploads\/2019\/09\/notre-equipe-header.jpg\" \/>\n\t<meta property=\"og:image:width\" content=\"1366\" \/>\n\t<meta property=\"og:image:height\" content=\"450\" \/>\n\t<meta property=\"og:image:type\" content=\"image\/jpeg\" \/>\n<meta name=\"twitter:card\" content=\"summary_large_image\" \/>\n<meta name=\"twitter:label1\" content=\"Est. reading time\" \/>\n\t<meta name=\"twitter:data1\" content=\"2 minutes\" \/>\n<script type=\"application\/ld+json\" class=\"yoast-schema-graph\">{\"@context\":\"https:\/\/schema.org\",\"@graph\":[{\"@type\":\"WebPage\",\"@id\":\"https:\/\/www.cliniquepoirier.com\/en\/our-team\/\",\"url\":\"https:\/\/www.cliniquepoirier.com\/en\/our-team\/\",\"name\":\"Our Team - Clinique Poirier Centre Dentaire\",\"isPartOf\":{\"@id\":\"https:\/\/www.cliniquepoirier.com\/en\/#website\"},\"primaryImageOfPage\":{\"@id\":\"https:\/\/www.cliniquepoirier.com\/en\/our-team\/#primaryimage\"},\"image\":{\"@id\":\"https:\/\/www.cliniquepoirier.com\/en\/our-team\/#primaryimage\"},\"thumbnailUrl\":\"https:\/\/www.cliniquepoirier.com\/wp-content\/uploads\/2019\/09\/notre-equipe-header.jpg\",\"datePublished\":\"2019-08-30T13:25:37+00:00\",\"dateModified\":\"2025-11-21T10:31:12+00:00\",\"breadcrumb\":{\"@id\":\"https:\/\/www.cliniquepoirier.com\/en\/our-team\/#breadcrumb\"},\"inLanguage\":\"en-CA\",\"potentialAction\":[{\"@type\":\"ReadAction\",\"target\":[\"https:\/\/www.cliniquepoirier.com\/en\/our-team\/\"]}]},{\"@type\":\"ImageObject\",\"inLanguage\":\"en-CA\",\"@id\":\"https:\/\/www.cliniquepoirier.com\/en\/our-team\/#primaryimage\",\"url\":\"https:\/\/www.cliniquepoirier.com\/wp-content\/uploads\/2019\/09\/notre-equipe-header.jpg\",\"contentUrl\":\"https:\/\/www.cliniquepoirier.com\/wp-content\/uploads\/2019\/09\/notre-equipe-header.jpg\",\"width\":1366,\"height\":450,\"caption\":\"notre \u00e9quipe\"},{\"@type\":\"BreadcrumbList\",\"@id\":\"https:\/\/www.cliniquepoirier.com\/en\/our-team\/#breadcrumb\",\"itemListElement\":[{\"@type\":\"ListItem\",\"position\":1,\"name\":\"Accueil\",\"item\":\"https:\/\/www.cliniquepoirier.com\/en\/\"},{\"@type\":\"ListItem\",\"position\":2,\"name\":\"Our Team\"}]},{\"@type\":\"WebSite\",\"@id\":\"https:\/\/www.cliniquepoirier.com\/en\/#website\",\"url\":\"https:\/\/www.cliniquepoirier.com\/en\/\",\"name\":\"\",\"description\":\"\",\"potentialAction\":[{\"@type\":\"SearchAction\",\"target\":{\"@type\":\"EntryPoint\",\"urlTemplate\":\"https:\/\/www.cliniquepoirier.com\/en\/?s={search_term_string}\"},\"query-input\":{\"@type\":\"PropertyValueSpecification\",\"valueRequired\":true,\"valueName\":\"search_term_string\"}}],\"inLanguage\":\"en-CA\"}]}<\/script>\n<!-- \/ Yoast SEO plugin. -->","yoast_head_json":{"title":"Our Team - Clinique Poirier Centre Dentaire","robots":{"index":"index","follow":"follow","max-snippet":"max-snippet:-1","max-image-preview":"max-image-preview:large","max-video-preview":"max-video-preview:-1"},"canonical":"https:\/\/www.cliniquepoirier.com\/en\/our-team\/","og_locale":"en_US","og_type":"article","og_title":"Our Team - Clinique Poirier Centre Dentaire","og_description":"ATTENTIVE AND QUALIFIED PROFESSIONALS Providing quality care tailored to the specific needs of each of our patients is our team's top priority. [&hellip;]","og_url":"https:\/\/www.cliniquepoirier.com\/en\/our-team\/","article_modified_time":"2025-11-21T10:31:12+00:00","og_image":[{"width":1366,"height":450,"url":"https:\/\/www.cliniquepoirier.com\/wp-content\/uploads\/2019\/09\/notre-equipe-header.jpg","type":"image\/jpeg"}],"twitter_card":"summary_large_image","twitter_misc":{"Est. reading time":"2 minutes"},"schema":{"@context":"https:\/\/schema.org","@graph":[{"@type":"WebPage","@id":"https:\/\/www.cliniquepoirier.com\/en\/our-team\/","url":"https:\/\/www.cliniquepoirier.com\/en\/our-team\/","name":"Our Team - Clinique Poirier Centre Dentaire","isPartOf":{"@id":"https:\/\/www.cliniquepoirier.com\/en\/#website"},"primaryImageOfPage":{"@id":"https:\/\/www.cliniquepoirier.com\/en\/our-team\/#primaryimage"},"image":{"@id":"https:\/\/www.cliniquepoirier.com\/en\/our-team\/#primaryimage"},"thumbnailUrl":"https:\/\/www.cliniquepoirier.com\/wp-content\/uploads\/2019\/09\/notre-equipe-header.jpg","datePublished":"2019-08-30T13:25:37+00:00","dateModified":"2025-11-21T10:31:12+00:00","breadcrumb":{"@id":"https:\/\/www.cliniquepoirier.com\/en\/our-team\/#breadcrumb"},"inLanguage":"en-CA","potentialAction":[{"@type":"ReadAction","target":["https:\/\/www.cliniquepoirier.com\/en\/our-team\/"]}]},{"@type":"ImageObject","inLanguage":"en-CA","@id":"https:\/\/www.cliniquepoirier.com\/en\/our-team\/#primaryimage","url":"https:\/\/www.cliniquepoirier.com\/wp-content\/uploads\/2019\/09\/notre-equipe-header.jpg","contentUrl":"https:\/\/www.cliniquepoirier.com\/wp-content\/uploads\/2019\/09\/notre-equipe-header.jpg","width":1366,"height":450,"caption":"notre \u00e9quipe"},{"@type":"BreadcrumbList","@id":"https:\/\/www.cliniquepoirier.com\/en\/our-team\/#breadcrumb","itemListElement":[{"@type":"ListItem","position":1,"name":"Accueil","item":"https:\/\/www.cliniquepoirier.com\/en\/"},{"@type":"ListItem","position":2,"name":"Our Team"}]},{"@type":"WebSite","@id":"https:\/\/www.cliniquepoirier.com\/en\/#website","url":"https:\/\/www.cliniquepoirier.com\/en\/","name":"","description":"","potentialAction":[{"@type":"SearchAction","target":{"@type":"EntryPoint","urlTemplate":"https:\/\/www.cliniquepoirier.com\/en\/?s={search_term_string}"},"query-input":{"@type":"PropertyValueSpecification","valueRequired":true,"valueName":"search_term_string"}}],"inLanguage":"en-CA"}]}},"_links":{"self":[{"href":"https:\/\/www.cliniquepoirier.com\/en\/wp-json\/wp\/v2\/pages\/4128","targetHints":{"allow":["GET"]}}],"collection":[{"href":"https:\/\/www.cliniquepoirier.com\/en\/wp-json\/wp\/v2\/pages"}],"about":[{"href":"https:\/\/www.cliniquepoirier.com\/en\/wp-json\/wp\/v2\/types\/page"}],"author":[{"embeddable":true,"href":"https:\/\/www.cliniquepoirier.com\/en\/wp-json\/wp\/v2\/users\/1"}],"replies":[{"embeddable":true,"href":"https:\/\/www.cliniquepoirier.com\/en\/wp-json\/wp\/v2\/comments?post=4128"}],"version-history":[{"count":5,"href":"https:\/\/www.cliniquepoirier.com\/en\/wp-json\/wp\/v2\/pages\/4128\/revisions"}],"predecessor-version":[{"id":4488,"href":"https:\/\/www.cliniquepoirier.com\/en\/wp-json\/wp\/v2\/pages\/4128\/revisions\/4488"}],"wp:featuredmedia":[{"embeddable":true,"href":"https:\/\/www.cliniquepoirier.com\/en\/wp-json\/wp\/v2\/media\/4462"}],"wp:attachment":[{"href":"https:\/\/www.cliniquepoirier.com\/en\/wp-json\/wp\/v2\/media?parent=4128"}],"curies":[{"name":"wp","href":"https:\/\/api.w.org\/{rel}","templated":true}]}}